{"id":3144,"date":"2019-08-05T02:04:10","date_gmt":"2019-08-05T02:04:10","guid":{"rendered":"https:\/\/scottjkalishlaw.com\/acerca-de\/"},"modified":"2025-10-16T18:05:10","modified_gmt":"2025-10-16T18:05:10","slug":"acerca-de","status":"publish","type":"page","link":"https:\/\/scottjkalishlaw.com\/es\/acerca-de\/","title":{"rendered":"Abogado Scott Kalish"},"content":{"rendered":"\t\t<div data-elementor-type=\"wp-page\" data-elementor-id=\"3144\" class=\"elementor elementor-3144 elementor-1505\" data-elementor-post-type=\"page\">\n\t\t\t\t\t\t<section class=\"elementor-section elementor-top-section elementor-element elementor-element-51c92aa elementor-section-content-middle elementor-section-full_width elementor-section-height-default elementor-section-height-default\" data-id=\"51c92aa\" data-element_type=\"section\" data-e-type=\"section\" data-settings=\"{&quot;background_background&quot;:&quot;classic&quot;}\">\n\t\t\t\t\t\t<div class=\"elementor-container elementor-column-gap-default\">\n\t\t\t\t\t<div class=\"elementor-column elementor-col-50 elementor-top-column elementor-element elementor-element-5bf28eb6\" data-id=\"5bf28eb6\" data-element_type=\"column\" data-e-type=\"column\">\n\t\t\t<div class=\"elementor-widget-wrap elementor-element-populated\">\n\t\t\t\t\t\t<div class=\"elementor-element elementor-element-5b6d6412 elementor-widget elementor-widget-image\" data-id=\"5b6d6412\" data-element_type=\"widget\" data-e-type=\"widget\" data-widget_type=\"image.default\">\n\t\t\t\t<div class=\"elementor-widget-container\">\n\t\t\t\t\t\t\t\t\t\t\t\t\t\t\t<img loading=\"lazy\" decoding=\"async\" width=\"640\" height=\"800\" src=\"https:\/\/i0.wp.com\/scottjkalishlaw.com\/wp-content\/uploads\/2025\/01\/scott-kalish-divorce-family-law-attorney.jpg?fit=640%2C800&amp;ssl=1\" class=\"attachment-full size-full wp-image-8443\" alt=\"\" srcset=\"https:\/\/i0.wp.com\/scottjkalishlaw.com\/wp-content\/uploads\/2025\/01\/scott-kalish-divorce-family-law-attorney.jpg?w=640&amp;ssl=1 640w, https:\/\/i0.wp.com\/scottjkalishlaw.com\/wp-content\/uploads\/2025\/01\/scott-kalish-divorce-family-law-attorney.jpg?resize=240%2C300&amp;ssl=1 240w\" sizes=\"auto, (max-width: 640px) 100vw, 640px\" data-attachment-id=\"8443\" data-permalink=\"https:\/\/scottjkalishlaw.com\/es\/florida\/attorneys\/scott-kalish\/scott-kalish-divorce-family-law-attorney\/\" data-orig-file=\"https:\/\/i0.wp.com\/scottjkalishlaw.com\/wp-content\/uploads\/2025\/01\/scott-kalish-divorce-family-law-attorney.jpg?fit=640%2C800&amp;ssl=1\" data-orig-size=\"640,800\" data-comments-opened=\"0\" data-image-meta=\"{&quot;aperture&quot;:&quot;0&quot;,&quot;credit&quot;:&quot;&quot;,&quot;camera&quot;:&quot;&quot;,&quot;caption&quot;:&quot;&quot;,&quot;created_timestamp&quot;:&quot;0&quot;,&quot;copyright&quot;:&quot;Andrew Milne 2022&quot;,&quot;focal_length&quot;:&quot;0&quot;,&quot;iso&quot;:&quot;0&quot;,&quot;shutter_speed&quot;:&quot;0&quot;,&quot;title&quot;:&quot;&quot;,&quot;orientation&quot;:&quot;0&quot;}\" data-image-title=\"scott-kalish-divorce-family-law-attorney\" data-image-description=\"\" data-image-caption=\"\" data-large-file=\"https:\/\/i0.wp.com\/scottjkalishlaw.com\/wp-content\/uploads\/2025\/01\/scott-kalish-divorce-family-law-attorney.jpg?fit=640%2C800&amp;ssl=1\" \/>\t\t\t\t\t\t\t\t\t\t\t\t\t\t\t<\/div>\n\t\t\t\t<\/div>\n\t\t\t\t\t<\/div>\n\t\t<\/div>\n\t\t\t\t<div class=\"elementor-column elementor-col-50 elementor-top-column elementor-element elementor-element-269b8a5\" data-id=\"269b8a5\" data-element_type=\"column\" data-e-type=\"column\">\n\t\t\t<div class=\"elementor-widget-wrap elementor-element-populated\">\n\t\t\t\t\t\t<div class=\"elementor-element elementor-element-3edcf226 elementor-widget elementor-widget-heading\" data-id=\"3edcf226\" data-element_type=\"widget\" data-e-type=\"widget\" data-widget_type=\"heading.default\">\n\t\t\t\t<div class=\"elementor-widget-container\">\n\t\t\t\t\t<h1 class=\"elementor-heading-title elementor-size-default\">Scott J. Kalish<\/h1>\t\t\t\t<\/div>\n\t\t\t\t<\/div>\n\t\t\t\t<div class=\"elementor-element elementor-element-1af0244a elementor-widget elementor-widget-heading\" data-id=\"1af0244a\" data-element_type=\"widget\" data-e-type=\"widget\" data-widget_type=\"heading.default\">\n\t\t\t\t<div class=\"elementor-widget-container\">\n\t\t\t\t\t<h3 class=\"elementor-heading-title elementor-size-default\">Abogado<\/h3>\t\t\t\t<\/div>\n\t\t\t\t<\/div>\n\t\t\t\t<div class=\"elementor-element elementor-element-590b675b elementor-widget elementor-widget-html\" data-id=\"590b675b\" data-element_type=\"widget\" data-e-type=\"widget\" data-widget_type=\"html.default\">\n\t\t\t\t<div class=\"elementor-widget-container\">\n\t\t\t\t\t<p>Scott es un abogado litigante experimentado y ex fiscal del estado. Como fiscal, Scott manej\u00f3 personalmente una amplia variedad de asuntos penales, desde DUI hasta intento de asesinato, robo, robo a la propiedad, tr\u00e1fico de drogas y otros delitos penales graves. En total, Scott ha realizado casi cuarenta (40) juicios con veredicto. Adem\u00e1s, Scott ha manejado varios miles de casos criminales, en cada etapa desde la investigaci\u00f3n hasta el juicio.<\/p>\n\n<p>Despu\u00e9s de retirarse de la Oficina de Fiscal de Estado, Scott se uni\u00f3 a un prestigioso bufete de abogados con reconocimiento nacional. All\u00ed, Scott tuvo la oportunidad de manejar una variedad de asuntos civiles, trabajando para esta firma que representa a corporaciones que cotizan en bolsa y a las principales instituciones financieras. La pr\u00e1ctica de Scott se centr\u00f3 principalmente en negocios, construcci\u00f3n y litigios comerciales generales.<\/p>\n \n<p>Si bien trabajar para un importante bufete de abogados nacional fue una gran experiencia, Scott se dio cuenta de que algo muy importante faltaba en su pr\u00e1ctica diaria de la ley. A Scott le faltaba la recompensa de trabajar con la gente y utilizar sus habilidades para mejorar dr\u00e1sticamente sus vidas. Despu\u00e9s de darse cuenta de su pasi\u00f3n por las personas, Scott decidi\u00f3 abrir \"The Law Offices of Scott J. Kalish. \" Las Oficinas Legales de Scott J. Kalish fue fundada por la pasi\u00f3n de Scott de proporcionar servicios legales de calidad a las personas que lo necesitan. A diferencia de otras firmas de abogados, las Oficinas Legales de Scott J. Kalish se enfocan en resolver sus problemas, no en tomar cada centavo que usted tenga. La misi\u00f3n de Scott es simplemente ayudar a los dem\u00e1s.<\/p>\n\n<p>Scott naci\u00f3 y creci\u00f3 en el sur de Florida. Scott asisti\u00f3 a la Facultad de Derecho de Florida State University, donde se gradu\u00f3 magna cum laude y en el 11% superior de su clase. Antes de estudiar Derecho, Scott asisti\u00f3 a la Universidad Atl\u00e1ntica de Florida, en Boca Rat\u00f3n, donde se licenci\u00f3 en Historia, curs\u00f3 una asignatura secundaria en Espa\u00f1ol y obtuvo un certificado en Estudios Latinoamericanos. Scott habla espa\u00f1ol con fluidez.<\/p>\n\n\n<p>Scott est\u00e1 casado con su bella esposa Vanessa y los dos tienen un hijo peque\u00f1o, Sebasti\u00e1n. Adem\u00e1s de pasar tiempo con familiares y amigos, Scott disfruta andar en motocicleta, viajar, explorar nuevos restaurantes locales y shows de comedia. Scott tambi\u00e9n es un \u00e1vido seguidor de los Miami Heat y los Florida Panthers.  <\/p>\t\t\t\t<\/div>\n\t\t\t\t<\/div>\n\t\t\t\t\t<\/div>\n\t\t<\/div>\n\t\t\t\t\t<\/div>\n\t\t<\/section>\n\t\t\t\t<section class=\"elementor-section elementor-top-section elementor-element elementor-element-482ca92e elementor-section-boxed elementor-section-height-default elementor-section-height-default\" data-id=\"482ca92e\" data-element_type=\"section\" data-e-type=\"section\" data-settings=\"{&quot;background_background&quot;:&quot;classic&quot;}\">\n\t\t\t\t\t\t<div class=\"elementor-container elementor-column-gap-default\">\n\t\t\t\t\t<div class=\"elementor-column elementor-col-100 elementor-top-column elementor-element elementor-element-3929ea0f\" data-id=\"3929ea0f\" data-element_type=\"column\" data-e-type=\"column\">\n\t\t\t<div class=\"elementor-widget-wrap elementor-element-populated\">\n\t\t\t\t\t\t<div class=\"elementor-element elementor-element-74b7988f elementor-widget elementor-widget-heading\" data-id=\"74b7988f\" data-element_type=\"widget\" data-e-type=\"widget\" data-widget_type=\"heading.default\">\n\t\t\t\t<div class=\"elementor-widget-container\">\n\t\t\t\t\t<h2 class=\"elementor-heading-title elementor-size-default\">Conoce al resto del equipo de Kalish &amp; Jaggars<\/h2>\t\t\t\t<\/div>\n\t\t\t\t<\/div>\n\t\t\t\t\t<\/div>\n\t\t<\/div>\n\t\t\t\t\t<\/div>\n\t\t<\/section>\n\t\t\t\t<section class=\"elementor-section elementor-top-section elementor-element elementor-element-be25db9 elementor-section-boxed elementor-section-height-default elementor-section-height-default\" data-id=\"be25db9\" data-element_type=\"section\" data-e-type=\"section\" data-settings=\"{&quot;background_background&quot;:&quot;classic&quot;}\">\n\t\t\t\t\t\t<div class=\"elementor-container elementor-column-gap-default\">\n\t\t\t\t\t<div class=\"elementor-column elementor-col-33 elementor-top-column elementor-element elementor-element-9a784e7\" data-id=\"9a784e7\" data-element_type=\"column\" data-e-type=\"column\">\n\t\t\t<div class=\"elementor-widget-wrap elementor-element-populated\">\n\t\t\t\t\t\t<div class=\"elementor-element elementor-element-fc0b79b elementor-widget elementor-widget-image\" data-id=\"fc0b79b\" data-element_type=\"widget\" data-e-type=\"widget\" data-widget_type=\"image.default\">\n\t\t\t\t<div class=\"elementor-widget-container\">\n\t\t\t\t\t\t\t\t\t\t\t\t\t\t\t\t<a href=\"https:\/\/scottjkalishlaw.com\/florida\/attorneys\/dara-jaggars\/\">\n\t\t\t\t\t\t\t<img loading=\"lazy\" decoding=\"async\" width=\"640\" height=\"800\" src=\"https:\/\/i0.wp.com\/scottjkalishlaw.com\/wp-content\/uploads\/2025\/01\/dara-jaggars-florida-family-law-attorney.jpg?fit=640%2C800&amp;ssl=1\" class=\"attachment-large size-large wp-image-8445\" alt=\"\" srcset=\"https:\/\/i0.wp.com\/scottjkalishlaw.com\/wp-content\/uploads\/2025\/01\/dara-jaggars-florida-family-law-attorney.jpg?w=640&amp;ssl=1 640w, https:\/\/i0.wp.com\/scottjkalishlaw.com\/wp-content\/uploads\/2025\/01\/dara-jaggars-florida-family-law-attorney.jpg?resize=240%2C300&amp;ssl=1 240w\" sizes=\"auto, (max-width: 640px) 100vw, 640px\" data-attachment-id=\"8445\" data-permalink=\"https:\/\/scottjkalishlaw.com\/es\/florida\/attorneys\/scott-kalish\/dara-jaggars-florida-family-law-attorney\/\" data-orig-file=\"https:\/\/i0.wp.com\/scottjkalishlaw.com\/wp-content\/uploads\/2025\/01\/dara-jaggars-florida-family-law-attorney.jpg?fit=640%2C800&amp;ssl=1\" data-orig-size=\"640,800\" data-comments-opened=\"0\" data-image-meta=\"{&quot;aperture&quot;:&quot;0&quot;,&quot;credit&quot;:&quot;&quot;,&quot;camera&quot;:&quot;&quot;,&quot;caption&quot;:&quot;&quot;,&quot;created_timestamp&quot;:&quot;0&quot;,&quot;copyright&quot;:&quot;Andrew Milne 2022&quot;,&quot;focal_length&quot;:&quot;0&quot;,&quot;iso&quot;:&quot;0&quot;,&quot;shutter_speed&quot;:&quot;0&quot;,&quot;title&quot;:&quot;&quot;,&quot;orientation&quot;:&quot;0&quot;}\" data-image-title=\"dara-jaggars-florida-family-law-attorney\" data-image-description=\"\" data-image-caption=\"\" data-large-file=\"https:\/\/i0.wp.com\/scottjkalishlaw.com\/wp-content\/uploads\/2025\/01\/dara-jaggars-florida-family-law-attorney.jpg?fit=640%2C800&amp;ssl=1\" \/>\t\t\t\t\t\t\t\t<\/a>\n\t\t\t\t\t\t\t\t\t\t\t\t\t\t\t<\/div>\n\t\t\t\t<\/div>\n\t\t\t\t<div class=\"elementor-element elementor-element-d29d94b elementor-widget elementor-widget-heading\" data-id=\"d29d94b\" data-element_type=\"widget\" data-e-type=\"widget\" data-widget_type=\"heading.default\">\n\t\t\t\t<div class=\"elementor-widget-container\">\n\t\t\t\t\t<h4 class=\"elementor-heading-title elementor-size-default\"><a href=\"https:\/\/scottjkalishlaw.com\/florida\/attorneys\/dara-jaggars\/\">Dara A. Jaggars, Esq.<\/a><\/h4>\t\t\t\t<\/div>\n\t\t\t\t<\/div>\n\t\t\t\t<div class=\"elementor-element elementor-element-02c1b7d elementor-widget elementor-widget-heading\" data-id=\"02c1b7d\" data-element_type=\"widget\" data-e-type=\"widget\" data-widget_type=\"heading.default\">\n\t\t\t\t<div class=\"elementor-widget-container\">\n\t\t\t\t\t<h3 class=\"elementor-heading-title elementor-size-default\">Abogado<\/h3>\t\t\t\t<\/div>\n\t\t\t\t<\/div>\n\t\t\t\t\t<\/div>\n\t\t<\/div>\n\t\t\t\t<div class=\"elementor-column elementor-col-33 elementor-top-column elementor-element elementor-element-a5fecf4\" data-id=\"a5fecf4\" data-element_type=\"column\" data-e-type=\"column\">\n\t\t\t<div class=\"elementor-widget-wrap elementor-element-populated\">\n\t\t\t\t\t\t<div class=\"elementor-element elementor-element-73a6cfd elementor-widget elementor-widget-image\" data-id=\"73a6cfd\" data-element_type=\"widget\" data-e-type=\"widget\" data-widget_type=\"image.default\">\n\t\t\t\t<div class=\"elementor-widget-container\">\n\t\t\t\t\t\t\t\t\t\t\t\t\t\t\t\t<a href=\"https:\/\/scottjkalishlaw.com\/florida\/attorneys\/serena-pomeranz\/\">\n\t\t\t\t\t\t\t<img loading=\"lazy\" decoding=\"async\" width=\"640\" height=\"800\" src=\"https:\/\/i0.wp.com\/scottjkalishlaw.com\/wp-content\/uploads\/2025\/01\/serena-pomeranz-palm-beach-family-law-attorney.jpg?fit=640%2C800&amp;ssl=1\" class=\"attachment-large size-large wp-image-8444\" alt=\"\" srcset=\"https:\/\/i0.wp.com\/scottjkalishlaw.com\/wp-content\/uploads\/2025\/01\/serena-pomeranz-palm-beach-family-law-attorney.jpg?w=640&amp;ssl=1 640w, https:\/\/i0.wp.com\/scottjkalishlaw.com\/wp-content\/uploads\/2025\/01\/serena-pomeranz-palm-beach-family-law-attorney.jpg?resize=240%2C300&amp;ssl=1 240w\" sizes=\"auto, (max-width: 640px) 100vw, 640px\" data-attachment-id=\"8444\" data-permalink=\"https:\/\/scottjkalishlaw.com\/es\/florida\/attorneys\/scott-kalish\/serena-pomeranz-palm-beach-family-law-attorney\/\" data-orig-file=\"https:\/\/i0.wp.com\/scottjkalishlaw.com\/wp-content\/uploads\/2025\/01\/serena-pomeranz-palm-beach-family-law-attorney.jpg?fit=640%2C800&amp;ssl=1\" data-orig-size=\"640,800\" data-comments-opened=\"0\" data-image-meta=\"{&quot;aperture&quot;:&quot;0&quot;,&quot;credit&quot;:&quot;&quot;,&quot;camera&quot;:&quot;&quot;,&quot;caption&quot;:&quot;&quot;,&quot;created_timestamp&quot;:&quot;0&quot;,&quot;copyright&quot;:&quot;Andrew Milne 2022&quot;,&quot;focal_length&quot;:&quot;0&quot;,&quot;iso&quot;:&quot;0&quot;,&quot;shutter_speed&quot;:&quot;0&quot;,&quot;title&quot;:&quot;&quot;,&quot;orientation&quot;:&quot;0&quot;}\" data-image-title=\"serena-pomeranz-palm-beach-family-law-attorney\" data-image-description=\"\" data-image-caption=\"\" data-large-file=\"https:\/\/i0.wp.com\/scottjkalishlaw.com\/wp-content\/uploads\/2025\/01\/serena-pomeranz-palm-beach-family-law-attorney.jpg?fit=640%2C800&amp;ssl=1\" \/>\t\t\t\t\t\t\t\t<\/a>\n\t\t\t\t\t\t\t\t\t\t\t\t\t\t\t<\/div>\n\t\t\t\t<\/div>\n\t\t\t\t<div class=\"elementor-element elementor-element-14abd60 elementor-widget elementor-widget-heading\" data-id=\"14abd60\" data-element_type=\"widget\" data-e-type=\"widget\" data-widget_type=\"heading.default\">\n\t\t\t\t<div class=\"elementor-widget-container\">\n\t\t\t\t\t<h4 class=\"elementor-heading-title elementor-size-default\"><a href=\"https:\/\/scottjkalishlaw.com\/florida\/attorneys\/serena-pomeranz\/\">Serena Pomeranz, Abogada<\/a><\/h4>\t\t\t\t<\/div>\n\t\t\t\t<\/div>\n\t\t\t\t<div class=\"elementor-element elementor-element-ec53d17 elementor-widget elementor-widget-heading\" data-id=\"ec53d17\" data-element_type=\"widget\" data-e-type=\"widget\" data-widget_type=\"heading.default\">\n\t\t\t\t<div class=\"elementor-widget-container\">\n\t\t\t\t\t<h3 class=\"elementor-heading-title elementor-size-default\">Abogado de Derecho de Familia e Inmobiliario Residencial\/T\u00edtulo.\n<\/h3>\t\t\t\t<\/div>\n\t\t\t\t<\/div>\n\t\t\t\t\t<\/div>\n\t\t<\/div>\n\t\t\t\t<div class=\"elementor-column elementor-col-33 elementor-top-column elementor-element elementor-element-985ff73\" data-id=\"985ff73\" data-element_type=\"column\" data-e-type=\"column\">\n\t\t\t<div class=\"elementor-widget-wrap elementor-element-populated\">\n\t\t\t\t\t\t<div class=\"elementor-element elementor-element-66628b4 elementor-widget elementor-widget-image\" data-id=\"66628b4\" data-element_type=\"widget\" data-e-type=\"widget\" data-widget_type=\"image.default\">\n\t\t\t\t<div class=\"elementor-widget-container\">\n\t\t\t\t\t\t\t\t\t\t\t\t\t\t\t\t<a href=\"https:\/\/scottjkalishlaw.com\/florida\/staff\/gabriel-stand\/\">\n\t\t\t\t\t\t\t<img loading=\"lazy\" decoding=\"async\" width=\"640\" height=\"800\" src=\"https:\/\/i0.wp.com\/scottjkalishlaw.com\/wp-content\/uploads\/2025\/01\/gabriel-stand-legal-asst.jpg?fit=640%2C800&amp;ssl=1\" class=\"attachment-large size-large wp-image-8457\" alt=\"\" srcset=\"https:\/\/i0.wp.com\/scottjkalishlaw.com\/wp-content\/uploads\/2025\/01\/gabriel-stand-legal-asst.jpg?w=640&amp;ssl=1 640w, https:\/\/i0.wp.com\/scottjkalishlaw.com\/wp-content\/uploads\/2025\/01\/gabriel-stand-legal-asst.jpg?resize=240%2C300&amp;ssl=1 240w\" sizes=\"auto, (max-width: 640px) 100vw, 640px\" data-attachment-id=\"8457\" data-permalink=\"https:\/\/scottjkalishlaw.com\/es\/florida\/attorneys\/scott-kalish\/gabriel-stand-legal-asst\/\" data-orig-file=\"https:\/\/i0.wp.com\/scottjkalishlaw.com\/wp-content\/uploads\/2025\/01\/gabriel-stand-legal-asst.jpg?fit=640%2C800&amp;ssl=1\" data-orig-size=\"640,800\" data-comments-opened=\"0\" data-image-meta=\"{&quot;aperture&quot;:&quot;0&quot;,&quot;credit&quot;:&quot;&quot;,&quot;camera&quot;:&quot;&quot;,&quot;caption&quot;:&quot;&quot;,&quot;created_timestamp&quot;:&quot;0&quot;,&quot;copyright&quot;:&quot;Andrew Milne 2022&quot;,&quot;focal_length&quot;:&quot;0&quot;,&quot;iso&quot;:&quot;0&quot;,&quot;shutter_speed&quot;:&quot;0&quot;,&quot;title&quot;:&quot;&quot;,&quot;orientation&quot;:&quot;0&quot;}\" data-image-title=\"gabriel-stand-legal-asst\" data-image-description=\"\" data-image-caption=\"\" data-large-file=\"https:\/\/i0.wp.com\/scottjkalishlaw.com\/wp-content\/uploads\/2025\/01\/gabriel-stand-legal-asst.jpg?fit=640%2C800&amp;ssl=1\" \/>\t\t\t\t\t\t\t\t<\/a>\n\t\t\t\t\t\t\t\t\t\t\t\t\t\t\t<\/div>\n\t\t\t\t<\/div>\n\t\t\t\t<div class=\"elementor-element elementor-element-86f7832 elementor-widget elementor-widget-heading\" data-id=\"86f7832\" data-element_type=\"widget\" data-e-type=\"widget\" data-widget_type=\"heading.default\">\n\t\t\t\t<div class=\"elementor-widget-container\">\n\t\t\t\t\t<h4 class=\"elementor-heading-title elementor-size-default\"><a href=\"https:\/\/scottjkalishlaw.com\/florida\/staff\/gabriel-stand\/\">Stand Gabriel\n<\/a><\/h4>\t\t\t\t<\/div>\n\t\t\t\t<\/div>\n\t\t\t\t<div class=\"elementor-element elementor-element-fe13957 elementor-widget elementor-widget-heading\" data-id=\"fe13957\" data-element_type=\"widget\" data-e-type=\"widget\" data-widget_type=\"heading.default\">\n\t\t\t\t<div class=\"elementor-widget-container\">\n\t\t\t\t\t<h3 class=\"elementor-heading-title elementor-size-default\">Asistente Jur\u00eddico Senior\n<\/h3>\t\t\t\t<\/div>\n\t\t\t\t<\/div>\n\t\t\t\t\t<\/div>\n\t\t<\/div>\n\t\t\t\t\t<\/div>\n\t\t<\/section>\n\t\t\t\t<section class=\"elementor-section elementor-top-section elementor-element elementor-element-6506378 elementor-section-boxed elementor-section-height-default elementor-section-height-default\" data-id=\"6506378\" data-element_type=\"section\" data-e-type=\"section\">\n\t\t\t\t\t\t<div class=\"elementor-container elementor-column-gap-default\">\n\t\t\t\t\t<div class=\"elementor-column elementor-col-100 elementor-top-column elementor-element elementor-element-ad1381a\" data-id=\"ad1381a\" data-element_type=\"column\" data-e-type=\"column\">\n\t\t\t<div class=\"elementor-widget-wrap elementor-element-populated\">\n\t\t\t\t\t\t<div class=\"elementor-element elementor-element-07eb3a3 elementor-widget elementor-widget-heading\" data-id=\"07eb3a3\" data-element_type=\"widget\" data-e-type=\"widget\" data-widget_type=\"heading.default\">\n\t\t\t\t<div class=\"elementor-widget-container\">\n\t\t\t\t\t<h2 class=\"elementor-heading-title elementor-size-default\">Qu\u00e9 opinan otros clientes sobre trabajar con Kalish &amp; Jaggars como abogado...<\/h2>\t\t\t\t<\/div>\n\t\t\t\t<\/div>\n\t\t\t\t<div class=\"elementor-element elementor-element-3516a97 elementor-widget elementor-widget-html\" data-id=\"3516a97\" data-element_type=\"widget\" data-e-type=\"widget\" data-widget_type=\"html.default\">\n\t\t\t\t<div class=\"elementor-widget-container\">\n\t\t\t\t\t<div data-src=\"https:\/\/cdn.trustindex.io\/loader.js?a8614eb134e900982a2648b082d\"><\/div>\t\t\t\t<\/div>\n\t\t\t\t<\/div>\n\t\t\t\t<div class=\"elementor-element elementor-element-8cedae8 elementor-align-center elementor-widget elementor-widget-button\" data-id=\"8cedae8\" data-element_type=\"widget\" data-e-type=\"widget\" data-widget_type=\"button.default\">\n\t\t\t\t<div class=\"elementor-widget-container\">\n\t\t\t\t\t\t\t\t\t<div class=\"elementor-button-wrapper\">\n\t\t\t\t\t<a class=\"elementor-button elementor-button-link elementor-size-sm\" href=\"https:\/\/scottjkalishlaw.com\/opiniones-de-abogados-de-derecho-de-familia\/\">\n\t\t\t\t\t\t<span class=\"elementor-button-content-wrapper\">\n\t\t\t\t\t\t\t\t\t<span class=\"elementor-button-text\">Leer m\u00e1s opiniones<\/span>\n\t\t\t\t\t<\/span>\n\t\t\t\t\t<\/a>\n\t\t\t\t<\/div>\n\t\t\t\t\t\t\t\t<\/div>\n\t\t\t\t<\/div>\n\t\t\t\t\t<\/div>\n\t\t<\/div>\n\t\t\t\t\t<\/div>\n\t\t<\/section>\n\t\t\t\t<section class=\"elementor-section elementor-top-section elementor-element elementor-element-4b40ac0f elementor-section-full_width elementor-section-content-bottom elementor-section-height-default elementor-section-height-default\" data-id=\"4b40ac0f\" data-element_type=\"section\" data-e-type=\"section\" data-settings=\"{&quot;background_background&quot;:&quot;classic&quot;}\">\n\t\t\t\t\t\t\t<div class=\"elementor-background-overlay\"><\/div>\n\t\t\t\t\t\t\t<div class=\"elementor-container elementor-column-gap-default\">\n\t\t\t\t\t<div class=\"elementor-column elementor-col-100 elementor-top-column elementor-element elementor-element-3788b\" data-id=\"3788b\" data-element_type=\"column\" data-e-type=\"column\">\n\t\t\t<div class=\"elementor-widget-wrap elementor-element-populated\">\n\t\t\t\t\t\t<div class=\"elementor-element elementor-element-6f7e074c elementor-widget elementor-widget-heading\" data-id=\"6f7e074c\" data-element_type=\"widget\" data-e-type=\"widget\" data-widget_type=\"heading.default\">\n\t\t\t\t<div class=\"elementor-widget-container\">\n\t\t\t\t\t<h2 class=\"elementor-heading-title elementor-size-default\">\u00bfListo para hablar con nosotros sobre tu caso?<\/h2>\t\t\t\t<\/div>\n\t\t\t\t<\/div>\n\t\t\t\t<div class=\"elementor-element elementor-element-748b73bd elementor-widget elementor-widget-heading\" data-id=\"748b73bd\" data-element_type=\"widget\" data-e-type=\"widget\" data-widget_type=\"heading.default\">\n\t\t\t\t<div class=\"elementor-widget-container\">\n\t\t\t\t\t<h2 class=\"elementor-heading-title elementor-size-large\">Descubre en qu\u00e9 se diferencian nuestras Reuniones Estrat\u00e9gicas de las \"consultas gratuitas\" que ofrecen otros bufetes de abogados. Ponte en contacto con nuestras oficinas para una evaluaci\u00f3n gratuita y sin compromiso de tu caso y una reuni\u00f3n estrat\u00e9gica. Siempre estamos disponibles para concertar c\u00f3modas citas por la tarde y los fines de semana.\n<\/h2>\t\t\t\t<\/div>\n\t\t\t\t<\/div>\n\t\t\t\t<div class=\"elementor-element elementor-element-4e775e94 elementor-align-justify elementor-widget elementor-widget-button\" data-id=\"4e775e94\" data-element_type=\"widget\" data-e-type=\"widget\" data-widget_type=\"button.default\">\n\t\t\t\t<div class=\"elementor-widget-container\">\n\t\t\t\t\t\t\t\t\t<div class=\"elementor-button-wrapper\">\n\t\t\t\t\t<a class=\"elementor-button elementor-button-link elementor-size-lg\" href=\"https:\/\/scottjkalishlaw.com\/que-es-una-reunion-estrategica\/\">\n\t\t\t\t\t\t<span class=\"elementor-button-content-wrapper\">\n\t\t\t\t\t\t\t\t\t<span class=\"elementor-button-text\">M\u00e1s informaci\u00f3n y reserva ahora tu reuni\u00f3n estrat\u00e9gica gratuita<\/span>\n\t\t\t\t\t<\/span>\n\t\t\t\t\t<\/a>\n\t\t\t\t<\/div>\n\t\t\t\t\t\t\t\t<\/div>\n\t\t\t\t<\/div>\n\t\t\t\t\t<\/div>\n\t\t<\/div>\n\t\t\t\t\t<\/div>\n\t\t<\/section>\n\t\t\t\t<\/div>\n\t\t","protected":false},"excerpt":{"rendered":"<p>Scott J. Kalish Abogado Scott es un abogado litigante experimentado y ex fiscal del estado. Como fiscal, Scott manej\u00f3 personalmente una amplia variedad de asuntos penales, desde DUI hasta intento de asesinato, robo, robo a la propiedad, tr\u00e1fico de drogas y otros delitos penales graves. En total, Scott ha realizado casi cuarenta (40) juicios con veredicto. Adem\u00e1s, Scott ha manejado varios miles de casos criminales, en cada etapa desde la investigaci\u00f3n hasta el juicio. Despu\u00e9s de retirarse de la Oficina de Fiscal de Estado, Scott se uni\u00f3 a un prestigioso bufete de abogados con reconocimiento nacional. All\u00ed, Scott tuvo la&#8230;<\/p>\n","protected":false},"author":159950528,"featured_media":0,"parent":0,"menu_order":0,"comment_status":"closed","ping_status":"closed","template":"elementor_header_footer","meta":{"footnotes":""},"class_list":["post-3144","page","type-page","status-publish","hentry"],"jetpack_shortlink":"https:\/\/wp.me\/Pb6xna-OI","jetpack_sharing_enabled":false,"_links":{"self":[{"href":"https:\/\/scottjkalishlaw.com\/es\/wp-json\/wp\/v2\/pages\/3144","targetHints":{"allow":["GET"]}}],"collection":[{"href":"https:\/\/scottjkalishlaw.com\/es\/wp-json\/wp\/v2\/pages"}],"about":[{"href":"https:\/\/scottjkalishlaw.com\/es\/wp-json\/wp\/v2\/types\/page"}],"author":[{"embeddable":true,"href":"https:\/\/scottjkalishlaw.com\/es\/wp-json\/wp\/v2\/users\/159950528"}],"replies":[{"embeddable":true,"href":"https:\/\/scottjkalishlaw.com\/es\/wp-json\/wp\/v2\/comments?post=3144"}],"version-history":[{"count":6,"href":"https:\/\/scottjkalishlaw.com\/es\/wp-json\/wp\/v2\/pages\/3144\/revisions"}],"predecessor-version":[{"id":10240,"href":"https:\/\/scottjkalishlaw.com\/es\/wp-json\/wp\/v2\/pages\/3144\/revisions\/10240"}],"wp:attachment":[{"href":"https:\/\/scottjkalishlaw.com\/es\/wp-json\/wp\/v2\/media?parent=3144"}],"curies":[{"name":"wp","href":"https:\/\/api.w.org\/{rel}","templated":true}]}}