{"id":8586,"date":"2025-01-26T19:21:53","date_gmt":"2025-01-26T19:21:53","guid":{"rendered":"https:\/\/scottjkalishlaw.com\/el-mejor-abogado-de-derecho-familiar-sirviendo-a-las-familias-en-los-condados-de-broward-palm-beach-y-miami-dade\/ordenes-de-restriccion-ordenes-judiciales\/"},"modified":"2025-07-30T23:35:31","modified_gmt":"2025-07-30T23:35:31","slug":"ordenes-de-restriccion-ordenes-judiciales","status":"publish","type":"page","link":"https:\/\/scottjkalishlaw.com\/es\/el-mejor-abogado-de-derecho-familiar-sirviendo-a-las-familias-en-los-condados-de-broward-palm-beach-y-miami-dade\/ordenes-de-restriccion-ordenes-judiciales\/","title":{"rendered":"\u00d3rdenes de restricci\u00f3n \/\u00d3rdenes judiciales"},"content":{"rendered":"<div class=\"wpb-content-wrapper\"><p>[vc_row triangle_shape=&#8221;no&#8221; css=&#8221;.vc_custom_1447676897400{padding-bottom: 50px !important;}&#8221;][vc_column][vc_single_image image=&#8221;3529&#8243; img_size=&#8221;large&#8221;][vc_empty_space height=&#8221;10px&#8221;][vc_column_text]<\/p>\n<h2>\u00d3rdenes de alejamiento y medidas cautelares en Florida<\/h2>\n<p>[\/vc_column_text][vc_empty_space height=&#8221;10px&#8221;][vc_column_text]<strong>Tienes derecho a que te dejen en paz. <\/strong><span style=\"font-weight: 400;\">Ninguna persona deber\u00eda tener que vivir bajo la amenaza de la violencia o de comunicaciones no deseadas y acosadoras. Tienes derecho a vivir una vida pac\u00edfica y a estar protegido por la ley. En Florida, todo el mundo tiene derecho a una orden de alejamiento, cuando se pueden demostrar ciertos criterios. <\/span><\/p>\n<p><span style=\"font-weight: 400;\">Las \u00f3rdenes de alejamiento o &#8220;mandamientos judiciales&#8221;, como se denominan en el Estado de Florida, son una herramienta excelente que puedes utilizar para intentar recuperar la paz en tu vida. <\/span><\/p>\n<h2>\u00bfQu\u00e9 puede hacer por ti un interdicto o una orden de alejamiento?<\/h2>\n<p><span style=\"font-weight: 400;\">En Florida, una vez que tienes \u00e9xito y un juez te dicta una orden judicial, est\u00e1s protegido contra cualquier forma de contacto por parte de la persona contra la que se ha dictado la orden judicial. Si la persona incumple la orden judicial, comete un delito penal, se expone a ser detenida y puede ser encarcelada. <\/span><\/p>\n<p><span style=\"font-weight: 400;\">Esto significa que un mensaje de texto, una llamada telef\u00f3nica, un mensaje de facebook, un tweet, una visita en persona, o incluso enviar un mensaje a trav\u00e9s de un amigo, podr\u00eda llevar a esta persona a la c\u00e1rcel. Si tienes una orden judicial y crees que se ha infringido, llama inmediatamente a la polic\u00eda y den\u00fancialo. <\/span>[\/vc_column_text][vc_empty_space height=&#8221;35px&#8221;]\n\n\t<div class=\"mkd-call-to-action with-icon\" >\n\n\t\t\t\t\t<div class=\"mkd-call-to-action-row-66-33 clearfix\" style=\"padding: 22px 3%;\">\n\t\t\n\t\t\t\t<div class=\"mkd-text-wrapper mkd-call-to-action-column1 mkd-call-to-action-cell\">\n\n\t\t\t\t\t\t\t\t\t<div class=\"mkd-call-to-action-icon-holder\">\n\t\t\t\t\t\t<div class=\"mkd-call-to-action-icon\">\n\t\t\t\t\t\t\t<div class=\"mkd-call-to-action-icon-inner\">\n\t\t\t\t\t\t\t\t<span aria-hidden=\"true\" class=\"mkd-icon-font-elegant icon_lifesaver \" style=\"\" ><\/span>\t\t\t\t\t\t\t<\/div>\n\t\t\t\t\t\t<\/div>\n\t\t\t\t\t<\/div>\n\t\t\t\t\n\t\t\t\t\t<div class=\"mkd-call-to-action-text\" >\n\t\t\t\t\t\t<p><strong>Contact us to find out if you may be eligible for a restraining order (injunction).<\/strong><\/p>\n\t\t\t\t\t<\/div>\n\n\t\t\t\t<\/div>\n\n\t\t\t\t\n\t\t\t\t\t<div class=\"mkd-button-wrapper mkd-call-to-action-column2 mkd-call-to-action-cell\" style =\"text-align: right ;\">\n\n\t\t\t\t\t\t<a href=\"https:\/\/scottjkalishlaw.com\/contact-us\/\" target=\"_self\" style=\"background-color: #dd3333;border: 1px solid #000000\" class=\"mkd-btn mkd-btn-medium mkd-btn-solid mkd-btn-icon\">    <span class=\"mkd-btn-text\"  style=\"border-color: #000000\">Get Help<\/span><span class=\"mkd-btn-icon-holder\">            <span aria-hidden=\"true\" class=\"mkd-icon-font-elegant icon_lifesaver mkd-btn-icon-elem\" ><\/span>            <span aria-hidden=\"true\" class=\"mkd-icon-font-elegant icon_lifesaver mkd-btn-icon-elem\" ><\/span>        <\/span>    <\/a>\n\t\t\t\t\t<\/div>\n\n\t\t\t\t\n\t\t\t<\/div>\n\n\t\t\n\t<\/div>\n\n[vc_empty_space height=&#8221;35px&#8221;][vc_column_text el_id=&#8221;flrodia-injuction-types&#8221;]<\/p>\n<h2>\u00bfCu\u00e1les son las distintas categor\u00edas de medidas cautelares seg\u00fan la ley de Florida?<\/h2>\n<p><span style=\"text-decoration: underline;\"><strong>Seg\u00fan la ley de Florida, hay cinco (5) categor\u00edas de mandamientos judiciales<\/strong><\/span>. Entre ellas se incluyen <a href=\"https:\/\/wp.me\/Pb6xna-Vb\" target=\"_blank\" rel=\"noopener\"><span style=\"font-weight: 400;\">Mandamiento judicial de protecci\u00f3n contra <\/span><b>Violencia dom\u00e9stica<\/b><\/a> &#8211; <span style=\"font-weight: 400;\"> <a href=\"http:\/\/www.leg.state.fl.us\/statutes\/index.cfm?App_mode=Display_Statute&amp;URL=0700-0799\/0741\/Sections\/0741.30.html\" target=\"_blank\" rel=\"noopener\">\u00a7 741.30 de los Estatutos de Florida<\/a>.<\/span> <a href=\"https:\/\/wp.me\/Pb6xna-UG\" target=\"_blank\" rel=\"noopener\"><span style=\"font-weight: 400;\">Orden judicial de protecci\u00f3n contra <\/span><b>Acecho<\/b><\/a><span style=\"font-weight: 400;\"> &#8211; <a href=\"http:\/\/www.leg.state.fl.us\/statutes\/index.cfm?App_mode=Display_Statute&amp;Search_String=&amp;URL=0700-0799\/0784\/Sections\/0784.0485.html\" target=\"_blank\" rel=\"noopener\">\u00a7 784.0485, Estatutos de Florida<\/a><\/span><\/p>\n<p><span style=\"font-weight: 400;\"><a href=\"https:\/\/scottjkalishlaw.com\/top-family-law-attorney\/florida-restraining-orders-injunctions\/repeat-violence-injunctions-or-restraining-orders\/?preview_id=3567&amp;preview_nonce=4a8adf46ea&amp;_thumbnail_id=-1&amp;preview=true\">Orden judicial de protecci\u00f3n contra la <strong>violencia reiterada<\/strong><\/a> &#8211; <a href=\"http:\/\/www.leg.state.fl.us\/statutes\/index.cfm?App_mode=Display_Statute&amp;URL=0700-0799\/0784\/Sections\/0784.046.html\" target=\"_blank\" rel=\"noopener\">\u00a7 784.046, Estatutos de Florida<\/a> <\/span><\/p>\n<p><span style=\"font-weight: 400;\"><a href=\"https:\/\/wp.me\/Pb6xna-VI\" target=\"_blank\" rel=\"noopener\">Orden judicial de protecci\u00f3n contra <strong>la violencia en las citas<\/strong> &#8211; <\/a> <a href=\"http:\/\/www.leg.state.fl.us\/statutes\/index.cfm?App_mode=Display_Statute&amp;URL=0700-0799\/0784\/Sections\/0784.046.html\" target=\"_blank\" rel=\"noopener\">\u00a7 784.046, Estatutos de Florida<\/a><\/span><\/p>\n<p><span style=\"font-weight: 400;\"><a href=\"https:\/\/wp.me\/Pb6xna-VS\" target=\"_blank\" rel=\"noopener\">Orden judicial de protecci\u00f3n contra la <strong>violencia sexual<\/strong> &#8211; <\/a> <a href=\"http:\/\/www.leg.state.fl.us\/statutes\/index.cfm?App_mode=Display_Statute&amp;URL=0700-0799\/0784\/Sections\/0784.046.html\" target=\"_blank\" rel=\"noopener\">\u00a7 784.046, Estatutos de Florida<\/a><\/span>[\/vc_column_text][vc_empty_space height=&#8221;20px&#8221;][vc_column_text]<\/p>\n<h2><b>\u00bfCU\u00c1L ES EL PROCESO PARA OBTENER UNA INJUNCI\u00d3N u Orden de Alejamiento en Florida?<\/b><\/h2>\n<p><span style=\"font-weight: 400;\">El proceso de obtenci\u00f3n de un interdicto (&#8220;orden de alejamiento&#8221;) empieza por calibrar, si tu situaci\u00f3n alcanza el nivel en el que un interdicto es apropiado. En Florida hay varios tipos de \u00f3rdenes de alejamiento\/medidas cautelares. Para m\u00e1s informaci\u00f3n sobre los requisitos de cada tipo de orden de alejamiento <a href=\"#flrodia-injuction-types\">, haz clic AQU\u00cd<\/a>. <\/span><\/p>\n<p><span style=\"font-weight: 400;\">El proceso para obtener una orden judicial comienza con la presentaci\u00f3n de una <\/span><i><span style=\"font-weight: 400;\">petici\u00f3n<\/span><\/i><span style=\"font-weight: 400;\">. Your local Clerk of the Court should have blank forms available on their website or at their office. A petition is similar to an application, which tells the court why you need an injunction. <\/span><\/p>\n<p><span style=\"font-weight: 400;\">Puedes contratar a un abogado para que rellene la petici\u00f3n, rellenarla en persona en la oficina del Secretario o presentarla electr\u00f3nicamente en casa. Se recomienda consultar con un abogado para asegurarse de que la petici\u00f3n se cumplimenta correctamente y de que tienes pruebas suficientes para presentarlas finalmente ante el juez en el tribunal. <\/span><\/p>\n<p><span style=\"font-weight: 400;\">Una vez que presentas la petici\u00f3n al juez, ocurren dos cosas. En primer lugar, el juez la revisa y determina si, bas\u00e1ndose en los hechos que has incluido en tu petici\u00f3n, es necesario un interdicto temporal, hasta que el juez pueda o\u00edr tu caso en el tribunal. Si el juez dicta una medida cautelar, s\u00f3lo ser\u00e1 v\u00e1lida hasta que pueda celebrar una vista formal ante el tribunal. <\/span><\/p>\n<p><span style=\"font-weight: 400;\">El juez tambi\u00e9n fijar\u00e1 una fecha para el juicio, en la que deber\u00e1s comparecer, presentar pruebas y demostrar que cumples los requisitos legales para una orden judicial.<\/span><\/p>\n<p><span style=\"font-weight: 400;\">Lo segundo que ocurre una vez que presentas tu petici\u00f3n es que el sheriff del condado recibe autom\u00e1ticamente una copia de la petici\u00f3n y la entregar\u00e1 junto con una fecha de juicio a la persona contra la que intentas conseguir la orden judicial. Esta persona se conoce como <\/span><i><span style=\"font-weight: 400;\">encuestado<\/span><\/i><span style=\"font-weight: 400;\">. <\/span> <span style=\"font-weight: 400;\">Una vez verificado que el sheriff ha notificado al <\/span><i><span style=\"font-weight: 400;\">demandado <\/span><\/i><span style=\"font-weight: 400;\"> la petici\u00f3n, el juez puede celebrar la vista final. <\/span><\/p>\n<p><span style=\"font-weight: 400;\">La vista final es algo as\u00ed como un mini juicio, en el que deber\u00e1s presentar pruebas que demuestren que tienes derecho a una orden judicial conforme a la ley. Puedes presentar documentos como mensajes de texto amenazadores, fotos, v\u00eddeos o cualquier cosa que te ayude a probar tu caso. Adem\u00e1s, tambi\u00e9n puedes presentar testigos y hacer que declaren ante el tribunal. <\/span><\/p>\n<p><span style=\"font-weight: 400;\">Si el demandado declara o presenta testigos en su favor, tendr\u00e1s la oportunidad de repreguntar. Aqu\u00ed es donde contar con un abogado en la vista maximizar\u00e1 tus posibilidades de conseguir la orden judicial. <\/span><\/p>\n<p>Una vez que ambas partes hayan concluido su argumentaci\u00f3n y ya no tengan m\u00e1s pruebas que presentar al tribunal, el juez tomar\u00e1 una decisi\u00f3n para conceder o denegar tu petici\u00f3n (solicitud) de medida cautelar.[\/vc_column_text][vc_empty_space height=&#8221;35px&#8221;][vc_column_text]<\/p>\n<h2>\u00bfCu\u00e1nto tarda en llegar una orden judicial en Florida?<\/h2>\n<p><span style=\"font-weight: 400;\">Normalmente, suponiendo que todo vaya bien, deber\u00edas poder presentar la petici\u00f3n y tener la vista final en el plazo de un mes. <\/span><\/p>\n<p><span style=\"font-weight: 400;\">Si el sheriff del condado tiene problemas para entregar la petici\u00f3n (un paso necesario) al demandado, esto retrasar\u00e1 el proceso. Tu requerimiento judicial no se conceder\u00e1 hasta que la oficina del sheriff confirme al secretario judicial que el demandado ha recibido la petici\u00f3n. <\/span>[\/vc_column_text][vc_empty_space height=&#8221;35px&#8221;][vc_column_text]<\/p>\n<h2>\u00bfCu\u00e1nto tiempo estar\u00e1 en vigor el requerimiento judicial?<\/h2>\n<p><span style=\"font-weight: 400;\">Si un juez determina que est\u00e1 justificada una orden judicial, decidir\u00e1 durante cu\u00e1nto tiempo estar\u00e1 en vigor. Normalmente, la duraci\u00f3n depender\u00e1 de los hechos concretos de tu caso. La principal consideraci\u00f3n del juez es el menor tiempo que considere necesario el mandato judicial para protegerte. <\/span><\/p>\n<p><span style=\"font-weight: 400;\">Por ejemplo, si obtienes una orden judicial contra un desconocido que s\u00f3lo lleva un (1) mes en tu vida, el juez puede decidir que se justifica una orden judicial de un (1) a\u00f1o. Por otro lado, si la misma persona intentara obtener una orden judicial contra su ex marido, que lleva varios a\u00f1os maltrat\u00e1ndola, el juez podr\u00eda decidir que es necesaria una orden judicial de 10 a\u00f1os para protegerla. <\/span>[\/vc_column_text][vc_empty_space height=&#8221;20px&#8221;]\n\n\t<div class=\"mkd-call-to-action with-icon\" >\n\n\t\t\t\t\t<div class=\"mkd-call-to-action-row-66-33 clearfix\" style=\"padding: 22px 3%;\">\n\t\t\n\t\t\t\t<div class=\"mkd-text-wrapper mkd-call-to-action-column1 mkd-call-to-action-cell\">\n\n\t\t\t\t\t\t\t\t\t<div class=\"mkd-call-to-action-icon-holder\">\n\t\t\t\t\t\t<div class=\"mkd-call-to-action-icon\">\n\t\t\t\t\t\t\t<div class=\"mkd-call-to-action-icon-inner\">\n\t\t\t\t\t\t\t\t<span aria-hidden=\"true\" class=\"mkd-icon-font-elegant icon_lifesaver \" style=\"\" ><\/span>\t\t\t\t\t\t\t<\/div>\n\t\t\t\t\t\t<\/div>\n\t\t\t\t\t<\/div>\n\t\t\t\t\n\t\t\t\t\t<div class=\"mkd-call-to-action-text\" >\n\t\t\t\t\t\t<p><strong>Contact us to find out if you may be eligible for a restraining order (injunction).<\/strong><\/p>\n\t\t\t\t\t<\/div>\n\n\t\t\t\t<\/div>\n\n\t\t\t\t\n\t\t\t\t\t<div class=\"mkd-button-wrapper mkd-call-to-action-column2 mkd-call-to-action-cell\" style =\"text-align: right ;\">\n\n\t\t\t\t\t\t<a href=\"https:\/\/scottjkalishlaw.com\/contact-us\/\" target=\"_self\" style=\"background-color: #dd3333;border: 1px solid #000000\" class=\"mkd-btn mkd-btn-medium mkd-btn-solid mkd-btn-icon\">    <span class=\"mkd-btn-text\"  style=\"border-color: #000000\">Get Help<\/span><span class=\"mkd-btn-icon-holder\">            <span aria-hidden=\"true\" class=\"mkd-icon-font-elegant icon_lifesaver mkd-btn-icon-elem\" ><\/span>            <span aria-hidden=\"true\" class=\"mkd-icon-font-elegant icon_lifesaver mkd-btn-icon-elem\" ><\/span>        <\/span>    <\/a>\n\t\t\t\t\t<\/div>\n\n\t\t\t\t\n\t\t\t<\/div>\n\n\t\t\n\t<\/div>\n\n[vc_empty_space height=&#8221;20px&#8221;][vc_column_text]<\/p>\n<h2>\u00bfNecesitas un abogado especializado en \u00f3rdenes de alejamiento y medidas cautelares en Florida?<\/h2>\n<p>[\/vc_column_text][vc_empty_space height=&#8221;20px&#8221;][vc_column_text]En el bufete de Scott J. Kalish tenemos la experiencia necesaria para ayudarte a conseguir una orden de alejamiento. Representamos a personas en todo el sur de Florida, espec\u00edficamente los condados de Broward, Palm Beach, Miami-Dade, Martin y St. Lucie.<\/p>\n<p>Con nuestra oficina principal convenientemente ubicada en Coral Springs y otras oficinas en todo el sur de Florida, nunca estamos lejos. Si tienes alguna pregunta sobre c\u00f3mo conseguir una orden de alejamiento, ponte en <a href=\"https:\/\/scottjkalishlaw.com\/es\/senor\/\">contacto con nosotros<\/a> hoy mismo para que te ayudemos.[\/vc_column_text][\/vc_column][vc_column][\/vc_column][vc_column][\/vc_column][vc_column][\/vc_column][\/vc_row]<\/p>\n<\/div>","protected":false},"excerpt":{"rendered":"<p>[vc_row triangle_shape=&#8221;no&#8221; css=&#8221;.vc_custom_1447676897400{padding-bottom: 50px !important;}&#8221;][vc_column][vc_single_image image=&#8221;3529&#8243; img_size=&#8221;large&#8221;][vc_empty_space height=&#8221;10px&#8221;][vc_column_text] \u00d3rdenes de alejamiento y medidas cautelares en Florida [\/vc_column_text][vc_empty_space height=&#8221;10px&#8221;][vc_column_text]Tienes derecho a que te dejen en paz. Ninguna persona deber\u00eda tener que vivir bajo la amenaza de la violencia o de comunicaciones no deseadas y acosadoras. Tienes derecho a vivir una vida pac\u00edfica y a estar protegido por la ley. En Florida, todo el mundo tiene derecho a una orden de alejamiento, cuando se pueden demostrar ciertos criterios. Las \u00f3rdenes de alejamiento o &#8220;mandamientos judiciales&#8221;, como se denominan en el Estado de Florida, son una herramienta excelente que puedes utilizar para intentar&#8230;<\/p>\n","protected":false},"author":159950528,"featured_media":0,"parent":3062,"menu_order":0,"comment_status":"closed","ping_status":"closed","template":"","meta":{"footnotes":""},"class_list":["post-8586","page","type-page","status-publish","hentry"],"jetpack_shortlink":"https:\/\/wp.me\/Pb6xna-2eu","jetpack_sharing_enabled":true,"_links":{"self":[{"href":"https:\/\/scottjkalishlaw.com\/es\/wp-json\/wp\/v2\/pages\/8586","targetHints":{"allow":["GET"]}}],"collection":[{"href":"https:\/\/scottjkalishlaw.com\/es\/wp-json\/wp\/v2\/pages"}],"about":[{"href":"https:\/\/scottjkalishlaw.com\/es\/wp-json\/wp\/v2\/types\/page"}],"author":[{"embeddable":true,"href":"https:\/\/scottjkalishlaw.com\/es\/wp-json\/wp\/v2\/users\/159950528"}],"replies":[{"embeddable":true,"href":"https:\/\/scottjkalishlaw.com\/es\/wp-json\/wp\/v2\/comments?post=8586"}],"version-history":[{"count":13,"href":"https:\/\/scottjkalishlaw.com\/es\/wp-json\/wp\/v2\/pages\/8586\/revisions"}],"predecessor-version":[{"id":9533,"href":"https:\/\/scottjkalishlaw.com\/es\/wp-json\/wp\/v2\/pages\/8586\/revisions\/9533"}],"up":[{"embeddable":true,"href":"https:\/\/scottjkalishlaw.com\/es\/wp-json\/wp\/v2\/pages\/3062"}],"wp:attachment":[{"href":"https:\/\/scottjkalishlaw.com\/es\/wp-json\/wp\/v2\/media?parent=8586"}],"curies":[{"name":"wp","href":"https:\/\/api.w.org\/{rel}","templated":true}]}}