{"id":8587,"date":"2025-01-26T19:21:53","date_gmt":"2025-01-26T19:21:53","guid":{"rendered":"https:\/\/scottjkalishlaw.com\/medidas-cautelares-u-ordenes-de-alejamiento-por-violencia-sexual\/"},"modified":"2026-02-20T22:59:39","modified_gmt":"2026-02-20T22:59:39","slug":"medidas-cautelares-u-ordenes-de-alejamiento-por-violencia-sexual","status":"publish","type":"page","link":"https:\/\/scottjkalishlaw.com\/es\/el-mejor-abogado-de-derecho-familiar-sirviendo-a-las-familias-en-los-condados-de-broward-palm-beach-y-miami-dade\/ordenes-de-restriccion-ordenes-judiciales\/medidas-cautelares-u-ordenes-de-alejamiento-por-violencia-sexual\/","title":{"rendered":"Medidas cautelares u \u00f3rdenes de alejamiento por violencia sexual"},"content":{"rendered":"<div class=\"wpb-content-wrapper\"><p>[vc_row triangle_shape=&#8221;no&#8221; css=&#8221;.vc_custom_1447676897400{padding-bottom: 50px !important;}&#8221;][vc_column][vc_single_image image=&#8221;3597&#8243; img_size=&#8221;large&#8221;][\/vc_column][\/vc_row][vc_row triangle_shape=&#8221;no&#8221; css=&#8221;.vc_custom_1564095443717{padding-bottom: 43px !important;}&#8221;][vc_column][vc_column_text]<\/p>\n<h2>Medidas cautelares y \u00f3rdenes de alejamiento por violencia sexual en Florida<\/h2>\n<p>[\/vc_column_text][vc_empty_space height=&#8221;20px&#8221;][vc_column_text]<\/p>\n<h2>\u00bfC\u00f3mo conseguir una orden judicial o de alejamiento por violencia en el noviazgo?<\/h2>\n<p>[\/vc_column_text][vc_empty_space height=&#8221;20px&#8221;][vc_column_text css=&#8221;&#8221;]<\/p>\n<p>Las \u00f3rdenes de alejamiento (conocidas como mandamientos judiciales en Florida) para la protecci\u00f3n contra la violencia sexual est\u00e1n reguladas por <a href=\"http:\/\/www.leg.state.fl.us\/statutes\/index.cfm?App_mode=Display_Statute&amp;Search_String=&amp;URL=0700-0799\/0784\/Sections\/0784.046.html\" target=\"_blank\" rel=\"noopener\">el art\u00edculo <span style=\"font-weight: 400;\">784.046 de los Estatutos.<\/span><\/a><\/p>\n<p>&nbsp;<\/p>\n<p><span style=\"font-weight: 400;\">Seg\u00fan<a href=\"http:\/\/www.leg.state.fl.us\/statutes\/index.cfm?App_mode=Display_Statute&amp;Search_String=&amp;URL=0700-0799\/0784\/Sections\/0784.046.html\" target=\"_blank\" rel=\"noopener\"> el art\u00edculo 784.046 de los Estatutos de Florida<\/a>, puedes tener derecho a una orden judicial o de alejamiento si eres v\u00edctima de &#8220;violencia sexual&#8221;. La ley de Florida define la &#8220;violencia sexual&#8221; como cualquier incidente de los siguientes: <\/span><\/p>\n<ol>\n<li class=\"SubParagraph\"><span class=\"Text Intro Justify\">Agresi\u00f3n sexual, tal como se define en el cap\u00edtulo 794;<\/span><\/li>\n<li class=\"SubParagraph\">Un acto lascivo o lascivo, tal como se define en el cap\u00edtulo 800, cometido sobre o en presencia de una persona menor de 16 a\u00f1os;<\/li>\n<li class=\"SubParagraph\">Atraer o seducir a un ni\u00f1o, como se describe en el cap\u00edtulo 787;<\/li>\n<li class=\"SubParagraph\">Actuaci\u00f3n sexual de un ni\u00f1o, tal como se describe en el cap\u00edtulo 827; o<\/li>\n<li class=\"SubParagraph\">Cualquier otro delito con fuerza en el que se cometa o se intente cometer un acto sexual.<\/li>\n<\/ol>\n<p>&nbsp;<\/p>\n<p>Es importante tener en cuenta que la ley de Florida dice que puedes tener derecho a una orden judicial por violencia sexual, independientemente de que el fiscal del estado haya presentado, reducido o desestimado cargos penales por el incidente. Esto significa que cualquier causa o investigaci\u00f3n penal es totalmente independiente de tu derecho a obtener un interdicto.<\/p>\n<p>&nbsp;<\/p>\n<p>Para determinar si cumples las definiciones anteriores seg\u00fan la ley de Florida, consulta m\u00e1s abajo.<\/p>\n<p>[\/vc_column_text][vc_empty_space height=&#8221;20px&#8221;][vc_column_text]<\/p>\n<h2>\u00bfC\u00f3mo se define &#8220;agresi\u00f3n sexual&#8221; en la legislaci\u00f3n de Florida?<\/h2>\n<p>&nbsp;<\/p>\n<p>La ley de Florida, <a href=\"http:\/\/www.leg.state.fl.us\/statutes\/index.cfm?App_mode=Display_Statute&amp;Search_String=&amp;URL=0700-0799\/0794\/Sections\/0794.011.html\" target=\"_blank\" rel=\"noopener\">concretamente el art\u00edculo 794.011(1)(h)<\/a> de los Estatutos de Florida, define la &#8220;agresi\u00f3n sexual&#8221; como la &#8220;penetraci\u00f3n oral, anal o vaginal o la uni\u00f3n con el \u00f3rgano sexual de otra persona o la penetraci\u00f3n anal o vaginal de otra persona con cualquier otro objeto; sin embargo, la agresi\u00f3n sexual no incluye un acto realizado con un fin m\u00e9dico de buena fe&#8221;.[\/vc_column_text][vc_empty_space height=&#8221;20px&#8221;][vc_column_text css=&#8221;&#8221;]<\/p>\n<h2>\u00bfC\u00f3mo define la ley de Florida el acto &#8220;lascivo o lascivo&#8221;?<\/h2>\n<p>&nbsp;<\/p>\n<p>La ley de Florida, concretamente <a href=\"http:\/\/www.leg.state.fl.us\/Statutes\/index.cfm?App_mode=Display_Statute&amp;URL=0800-0899\/0800\/0800.html\" target=\"_blank\" rel=\"noopener\">el Cap\u00edtulo 800<\/a>, establece distintas variedades de actos que pueden ser &#8220;lascivos o lascivos&#8221;. Por ejemplo, un acto &#8220;lascivo o lascivo&#8221; puede consistir en &#8220;abuso deshonesto&#8221;, que es cuando una persona &#8220;toca de forma lasciva o lasciva los pechos, los genitales, la zona genital o las nalgas, o la ropa que los cubre, de una persona menor de 16 a\u00f1os, u obliga o incita a una persona menor de 16 a\u00f1os a que la toque, comete un acto lascivo o lascivo de abuso deshonesto&#8221;. <a href=\"http:\/\/www.leg.state.fl.us\/Statutes\/index.cfm?App_mode=Display_Statute&amp;URL=0800-0899\/0800\/0800.html\" target=\"_blank\" rel=\"noopener\">\u00a7 800.04(5), Estatutos. <\/a><\/p>\n<p>[\/vc_column_text][vc_empty_space height=&#8221;20px&#8221;][vc_column_text css=&#8221;&#8221;]<\/p>\n<h2>\u00bfC\u00f3mo define la ley de Florida el acto de &#8220;atraer o seducir a un menor&#8221;?<\/h2>\n<p>&nbsp;<\/p>\n<p>La ley de Florida define el delito de &#8220;atraer o seducir a un ni\u00f1o&#8221; cuando &#8220;[una] persona de 18 a\u00f1os o m\u00e1s que intencionadamente atrae o seduce, o intenta atraer o seducir, a un ni\u00f1o menor de 12 a\u00f1os a una estructura, vivienda o medio de transporte para un fin que no sea l\u00edcito&#8221;. \u00a7 787.025(2)(a), Estatuto.<\/p>\n<p>[\/vc_column_text][vc_empty_space height=&#8221;20px&#8221;][vc_column_text css=&#8221;&#8221;]<\/p>\n<h2>\u00bfC\u00f3mo define la ley de Florida la &#8220;actuaci\u00f3n sexual de un ni\u00f1o&#8221;?<\/h2>\n<p>&nbsp;<\/p>\n<p>La ley de Florida, concretamente <a href=\"http:\/\/www.leg.state.fl.us\/statutes\/index.cfm?App_mode=Display_Statute&amp;Search_String=&amp;URL=0800-0899\/0827\/Sections\/0827.071.html\" target=\"_blank\" rel=\"noopener\">el art\u00edculo 827.071 de los Estatutos<\/a>, define &#8220;actuaci\u00f3n sexual de un menor&#8221; como &#8220;cualquier actuaci\u00f3n o parte de ella que incluya conducta sexual de un menor de 18 a\u00f1os&#8221;.<\/p>\n<p>[\/vc_column_text][vc_empty_space height=&#8221;20px&#8221;][vc_column_text css=&#8221;&#8221;]<\/p>\n<h2>\u00bfQu\u00e9 es un &#8220;delito con fuerza&#8221; seg\u00fan la ley de Florida?<\/h2>\n<p>&nbsp;<\/p>\n<p>La ley de Florida, concretamente <a href=\"http:\/\/www.leg.state.fl.us\/statutes\/index.cfm?App_mode=Display_Statute&amp;URL=0700-0799\/0776\/Sections\/0776.08.html\" target=\"_blank\" rel=\"noopener\">el art\u00edculo 776.08 de los Estatutos<\/a>, define &#8220;delito con fuerza&#8221; como cualquiera de los siguientes: &#8220;traici\u00f3n; asesinato; homicidio involuntario; agresi\u00f3n sexual; robo de veh\u00edculo; robo con allanamiento de morada; atraco; robo con allanamiento de morada; incendio provocado; secuestro; agresi\u00f3n con agravantes; agresi\u00f3n con agravantes; acoso con agravantes; pirater\u00eda a\u00e9rea; lanzamiento, colocaci\u00f3n o descarga ilegal de un artefacto destructivo o bomba; y cualquier otro delito grave que implique el uso o la amenaza de fuerza f\u00edsica o violencia contra cualquier individuo.&#8221;<\/p>\n<p>[\/vc_column_text][vc_empty_space height=&#8221;20px&#8221;]\n\n\t<div class=\"mkd-call-to-action with-icon\" >\n\n\t\t\t\t\t<div class=\"mkd-call-to-action-row-66-33 clearfix\" style=\"padding: 22px 3%;\">\n\t\t\n\t\t\t\t<div class=\"mkd-text-wrapper mkd-call-to-action-column1 mkd-call-to-action-cell\">\n\n\t\t\t\t\t\t\t\t\t<div class=\"mkd-call-to-action-icon-holder\">\n\t\t\t\t\t\t<div class=\"mkd-call-to-action-icon\">\n\t\t\t\t\t\t\t<div class=\"mkd-call-to-action-icon-inner\">\n\t\t\t\t\t\t\t\t<span aria-hidden=\"true\" class=\"mkd-icon-font-elegant icon_lifesaver \" style=\"\" ><\/span>\t\t\t\t\t\t\t<\/div>\n\t\t\t\t\t\t<\/div>\n\t\t\t\t\t<\/div>\n\t\t\t\t\n\t\t\t\t\t<div class=\"mkd-call-to-action-text\" >\n\t\t\t\t\t\t<p>If you are a victim of sexual violence get help now.<\/p>\n\t\t\t\t\t<\/div>\n\n\t\t\t\t<\/div>\n\n\t\t\t\t\n\t\t\t\t\t<div class=\"mkd-button-wrapper mkd-call-to-action-column2 mkd-call-to-action-cell\" style =\"text-align: right ;\">\n\n\t\t\t\t\t\t<a href=\"https:\/\/scottjkalishlaw.com\/contact-us\/\" target=\"_self\" style=\"background-color: #dd3333\" class=\"mkd-btn mkd-btn-medium mkd-btn-solid mkd-btn-icon\">    <span class=\"mkd-btn-text\"  >Get Help<\/span><span class=\"mkd-btn-icon-holder\">            <span aria-hidden=\"true\" class=\"mkd-icon-font-elegant icon_lifesaver mkd-btn-icon-elem\" ><\/span>            <span aria-hidden=\"true\" class=\"mkd-icon-font-elegant icon_lifesaver mkd-btn-icon-elem\" ><\/span>        <\/span>    <\/a>\n\t\t\t\t\t<\/div>\n\n\t\t\t\t\n\t\t\t<\/div>\n\n\t\t\n\t<\/div>\n\n[vc_empty_space height=&#8221;35px&#8221;][vc_column_text]<\/p>\n<h2>Abogado de orden de alejamiento o interdicto por violencia sexual<\/h2>\n<p>[\/vc_column_text][vc_empty_space height=&#8221;20px&#8221;][vc_column_text]<span style=\"font-weight: 400;\">En el bufete de Scott J. Kalish tenemos la experiencia necesaria para ayudarte a conseguir una orden de alejamiento o de alejamiento por violencia sexual. Representamos a personas en todo el sur de Florida, espec\u00edficamente los condados de Broward, Palm Beach, Miami-Dade, Martin y St. Lucie.<\/span><\/p>\n<p>&nbsp;<\/p>\n<p><span style=\"font-weight: 400;\">Con nuestra oficina principal convenientemente ubicada en Coral Springs y otras oficinas en todo el sur de Florida, nunca estamos lejos. Si tienes alguna pregunta sobre c\u00f3mo conseguir una orden de alejamiento o un interdicto por violencia sexual, ponte en contacto con nosotros hoy mismo para que te ayudemos.<\/span>[\/vc_column_text][vc_empty_space height=&#8221;20px&#8221;]\n\n\t<div class=\"mkd-call-to-action with-icon\" >\n\n\t\t\t\t\t<div class=\"mkd-call-to-action-row-66-33 clearfix\" style=\"padding: 22px 3%;\">\n\t\t\n\t\t\t\t<div class=\"mkd-text-wrapper mkd-call-to-action-column1 mkd-call-to-action-cell\">\n\n\t\t\t\t\t\t\t\t\t<div class=\"mkd-call-to-action-icon-holder\">\n\t\t\t\t\t\t<div class=\"mkd-call-to-action-icon\">\n\t\t\t\t\t\t\t<div class=\"mkd-call-to-action-icon-inner\">\n\t\t\t\t\t\t\t\t<span aria-hidden=\"true\" class=\"mkd-icon-font-elegant icon_lifesaver \" style=\"\" ><\/span>\t\t\t\t\t\t\t<\/div>\n\t\t\t\t\t\t<\/div>\n\t\t\t\t\t<\/div>\n\t\t\t\t\n\t\t\t\t\t<div class=\"mkd-call-to-action-text\" >\n\t\t\t\t\t\t<p>If you are a victim of sexual violence get help now.<\/p>\n\t\t\t\t\t<\/div>\n\n\t\t\t\t<\/div>\n\n\t\t\t\t\n\t\t\t\t\t<div class=\"mkd-button-wrapper mkd-call-to-action-column2 mkd-call-to-action-cell\" style =\"text-align: right ;\">\n\n\t\t\t\t\t\t<a href=\"https:\/\/scottjkalishlaw.com\/contact-us\/\" target=\"_self\" style=\"background-color: #dd3333\" class=\"mkd-btn mkd-btn-medium mkd-btn-solid mkd-btn-icon\">    <span class=\"mkd-btn-text\"  >Get Help<\/span><span class=\"mkd-btn-icon-holder\">            <span aria-hidden=\"true\" class=\"mkd-icon-font-elegant icon_lifesaver mkd-btn-icon-elem\" ><\/span>            <span aria-hidden=\"true\" class=\"mkd-icon-font-elegant icon_lifesaver mkd-btn-icon-elem\" ><\/span>        <\/span>    <\/a>\n\t\t\t\t\t<\/div>\n\n\t\t\t\t\n\t\t\t<\/div>\n\n\t\t\n\t<\/div>\n\n[\/vc_column][\/vc_row]<\/p>\n<\/div>","protected":false},"excerpt":{"rendered":"<p>[vc_row triangle_shape=&#8221;no&#8221; css=&#8221;.vc_custom_1447676897400{padding-bottom: 50px !important;}&#8221;][vc_column][vc_single_image image=&#8221;3597&#8243; img_size=&#8221;large&#8221;][\/vc_column][\/vc_row][vc_row triangle_shape=&#8221;no&#8221; css=&#8221;.vc_custom_1564095443717{padding-bottom: 43px !important;}&#8221;][vc_column][vc_column_text] Medidas cautelares y \u00f3rdenes de alejamiento por violencia sexual en Florida [\/vc_column_text][vc_empty_space height=&#8221;20px&#8221;][vc_column_text] \u00bfC\u00f3mo conseguir una orden judicial o de alejamiento por violencia en el noviazgo? [\/vc_column_text][vc_empty_space height=&#8221;20px&#8221;][vc_column_text css=&#8221;&#8221;] Las \u00f3rdenes de alejamiento (conocidas como mandamientos judiciales en Florida) para la protecci\u00f3n contra la violencia sexual est\u00e1n reguladas por el art\u00edculo 784.046 de los Estatutos. &nbsp; Seg\u00fan el art\u00edculo 784.046 de los Estatutos de Florida, puedes tener derecho a una orden judicial o de alejamiento si eres v\u00edctima de &#8220;violencia sexual&#8221;. La ley de Florida define la &#8220;violencia sexual&#8221;&#8230;<\/p>\n","protected":false},"author":159950528,"featured_media":0,"parent":8586,"menu_order":0,"comment_status":"closed","ping_status":"closed","template":"","meta":{"jetpack_post_was_ever_published":false,"footnotes":""},"class_list":["post-8587","page","type-page","status-publish","hentry"],"jetpack_shortlink":"https:\/\/wp.me\/Pb6xna-2ev","jetpack_sharing_enabled":true,"_links":{"self":[{"href":"https:\/\/scottjkalishlaw.com\/es\/wp-json\/wp\/v2\/pages\/8587","targetHints":{"allow":["GET"]}}],"collection":[{"href":"https:\/\/scottjkalishlaw.com\/es\/wp-json\/wp\/v2\/pages"}],"about":[{"href":"https:\/\/scottjkalishlaw.com\/es\/wp-json\/wp\/v2\/types\/page"}],"author":[{"embeddable":true,"href":"https:\/\/scottjkalishlaw.com\/es\/wp-json\/wp\/v2\/users\/159950528"}],"replies":[{"embeddable":true,"href":"https:\/\/scottjkalishlaw.com\/es\/wp-json\/wp\/v2\/comments?post=8587"}],"version-history":[{"count":13,"href":"https:\/\/scottjkalishlaw.com\/es\/wp-json\/wp\/v2\/pages\/8587\/revisions"}],"predecessor-version":[{"id":11768,"href":"https:\/\/scottjkalishlaw.com\/es\/wp-json\/wp\/v2\/pages\/8587\/revisions\/11768"}],"up":[{"embeddable":true,"href":"https:\/\/scottjkalishlaw.com\/es\/wp-json\/wp\/v2\/pages\/8586"}],"wp:attachment":[{"href":"https:\/\/scottjkalishlaw.com\/es\/wp-json\/wp\/v2\/media?parent=8587"}],"curies":[{"name":"wp","href":"https:\/\/api.w.org\/{rel}","templated":true}]}}