{"id":8592,"date":"2025-01-26T19:21:54","date_gmt":"2025-01-26T19:21:54","guid":{"rendered":"https:\/\/scottjkalishlaw.com\/el-mejor-abogado-de-derecho-familiar-sirviendo-a-las-familias-en-los-condados-de-broward-palm-beach-y-miami-dade\/ordenes-de-restriccion-ordenes-judiciales\/medidas-cautelares-contra-el-acoso\/"},"modified":"2025-07-30T23:34:07","modified_gmt":"2025-07-30T23:34:07","slug":"medidas-cautelares-contra-el-acoso","status":"publish","type":"page","link":"https:\/\/scottjkalishlaw.com\/es\/el-mejor-abogado-de-derecho-familiar-sirviendo-a-las-familias-en-los-condados-de-broward-palm-beach-y-miami-dade\/ordenes-de-restriccion-ordenes-judiciales\/medidas-cautelares-contra-el-acoso\/","title":{"rendered":"Medidas cautelares contra el acoso"},"content":{"rendered":"<div class=\"wpb-content-wrapper\"><p>[vc_row triangle_shape=&#8221;no&#8221; css=&#8221;.vc_custom_1564095443717{padding-bottom: 43px !important;}&#8221;][vc_column][vc_single_image image=&#8221;3512&#8243; img_size=&#8221;large&#8221;][vc_empty_space height=&#8221;20px&#8221;][vc_column_text]<\/p>\n<h2>Medidas cautelares y \u00f3rdenes de alejamiento en Florida<\/h2>\n<p>[\/vc_column_text][vc_empty_space height=&#8221;35px&#8221;][vc_column_text]<\/p>\n<h2><span style=\"font-weight: 400;\">\u00bfC\u00f3mo conseguir una orden judicial o de alejamiento PARA PROTEGERSE DEL ROBO en Florida?<\/span><\/h2>\n<p>[\/vc_column_text][vc_empty_space height=&#8221;20px&#8221;][vc_column_text]<span style=\"font-weight: 400;\">En Florida, los mandamientos judiciales (\u00f3rdenes de alejamiento) de protecci\u00f3n contra el acecho est\u00e1n regulados por el art\u00edculo <a href=\"http:\/\/www.leg.state.fl.us\/statutes\/index.cfm?App_mode=Display_Statute&amp;Search_String=&amp;URL=0700-0799\/0784\/Sections\/0784.0485.html\" target=\"_blank\" rel=\"noopener noreferrer\">784.0485<\/a> de los Estatutos de Florida. La ley dice que, [una] persona que sea v\u00edctima de acoso o el padre o tutor legal de un menor que viva en casa y que solicite una orden judicial de protecci\u00f3n contra el acoso en nombre del menor, est\u00e1 legitimada ante el tribunal de circuito para presentar una petici\u00f3n jurada de orden judicial de protecci\u00f3n contra el acoso&#8221;. <a href=\"http:\/\/www.leg.state.fl.us\/statutes\/index.cfm?App_mode=Display_Statute&amp;Search_String=&amp;URL=0700-0799\/0784\/Sections\/0784.0485.html\" target=\"_blank\" rel=\"noopener noreferrer\"><em>Id<\/em><\/a>. <\/span><\/p>\n<p>&nbsp;<\/p>\n<p>Si crees que tienes derecho a un interdicto u orden de alejamiento para la protecci\u00f3n contra el acoso, debes cumplir ciertos criterios seg\u00fan la ley de Florida.[\/vc_column_text][vc_empty_space height=&#8221;20px&#8221;]\n\n\t<div class=\"mkd-call-to-action with-icon\" >\n\n\t\t\t\t\t<div class=\"mkd-call-to-action-row-66-33 clearfix\" style=\"padding: 22px 3%;\">\n\t\t\n\t\t\t\t<div class=\"mkd-text-wrapper mkd-call-to-action-column1 mkd-call-to-action-cell\">\n\n\t\t\t\t\t\t\t\t\t<div class=\"mkd-call-to-action-icon-holder\">\n\t\t\t\t\t\t<div class=\"mkd-call-to-action-icon\">\n\t\t\t\t\t\t\t<div class=\"mkd-call-to-action-icon-inner\">\n\t\t\t\t\t\t\t\t<span aria-hidden=\"true\" class=\"mkd-icon-font-elegant icon_lifesaver \" style=\"\" ><\/span>\t\t\t\t\t\t\t<\/div>\n\t\t\t\t\t\t<\/div>\n\t\t\t\t\t<\/div>\n\t\t\t\t\n\t\t\t\t\t<div class=\"mkd-call-to-action-text\" >\n\t\t\t\t\t\t<p>If you are the victim of stalking get help now.<\/p>\n\t\t\t\t\t<\/div>\n\n\t\t\t\t<\/div>\n\n\t\t\t\t\n\t\t\t\t\t<div class=\"mkd-button-wrapper mkd-call-to-action-column2 mkd-call-to-action-cell\" style =\"text-align: right ;\">\n\n\t\t\t\t\t\t<a href=\"https:\/\/scottjkalishlaw.com\/contact-us\/\" target=\"_self\" style=\"background-color: #dd3333;border: 1px solid #000000\" class=\"mkd-btn mkd-btn-medium mkd-btn-solid mkd-btn-icon\">    <span class=\"mkd-btn-text\"  style=\"border-color: #000000\">Get Help<\/span><span class=\"mkd-btn-icon-holder\">            <span aria-hidden=\"true\" class=\"mkd-icon-font-elegant icon_lifesaver mkd-btn-icon-elem\" ><\/span>            <span aria-hidden=\"true\" class=\"mkd-icon-font-elegant icon_lifesaver mkd-btn-icon-elem\" ><\/span>        <\/span>    <\/a>\n\t\t\t\t\t<\/div>\n\n\t\t\t\t\n\t\t\t<\/div>\n\n\t\t\n\t<\/div>\n\n[vc_empty_space height=&#8221;20px&#8221;][vc_column_text]<\/p>\n<h2>\u00bfC\u00f3mo s\u00e9 si soy &#8220;v\u00edctima de acoso&#8221; seg\u00fan la ley de Florida?<\/h2>\n<p>&nbsp;<\/p>\n<p>La ley de Florida define el &#8220;acecho&#8221; como cuando una persona &#8220;sigue, acosa o ciberacosa voluntaria, maliciosa y repetidamente a otra persona&#8221;. <a href=\"http:\/\/www.leg.state.fl.us\/statutes\/index.cfm?App_mode=Display_Statute&amp;Search_String=&amp;URL=0700-0799\/0784\/Sections\/0784.048.html\" target=\"_blank\" rel=\"noopener noreferrer\">\u00a7 784.048(2), Estatutos de Florida<\/a>. Una vez m\u00e1s, para obtener una orden judicial de protecci\u00f3n contra el acoso debes demostrar que eres v\u00edctima de &#8220;acoso&#8221; tal como se define. Adem\u00e1s, como se expone m\u00e1s adelante, algunas palabras de la definici\u00f3n de &#8220;acecho&#8221; tienen definiciones separadas y \u00fanicas, que tambi\u00e9n debes cumplir.<\/p>\n<p>&nbsp;<\/p>\n<h2>\u00bfC\u00f3mo define la ley de Florida el t\u00e9rmino &#8220;acosar&#8221; en este contexto?<\/h2>\n<p>&nbsp;<\/p>\n<p><a href=\"http:\/\/www.leg.state.fl.us\/statutes\/index.cfm?App_mode=Display_Statute&amp;Search_String=&amp;URL=0700-0799\/0784\/Sections\/0784.048.html\" target=\"_blank\" rel=\"noopener noreferrer\">\u00a7 784.048(1)(a), Estatutos de Florida<\/a>, el t\u00e9rmino &#8220;acosar&#8221; se define como &#8220;participar en una l\u00ednea de conducta dirigida a una persona espec\u00edfica que cause una angustia emocional sustancial a esa persona y no tenga un prop\u00f3sito leg\u00edtimo&#8221;.<\/p>\n<p>&nbsp;<\/p>\n<h2>\u00bfQu\u00e9 es una &#8220;l\u00ednea de conducta&#8221; para los requerimientos judiciales por acoso en Florida?<\/h2>\n<p>&nbsp;<\/p>\n<p>Los t\u00e9rminos &#8220;l\u00ednea de conducta&#8221; se definen como &#8220;un patr\u00f3n de conducta compuesto por una serie de actos durante un per\u00edodo de tiempo, por breve que sea, que evidencia una continuidad de prop\u00f3sito&#8221;. <a href=\"http:\/\/www.leg.state.fl.us\/statutes\/index.cfm?App_mode=Display_Statute&amp;Search_String=&amp;URL=0700-0799\/0784\/Sections\/0784.048.html\" target=\"_blank\" rel=\"noopener noreferrer\">\u00a7 784.048(1)(b), Estatutos de Florida<\/a>.<\/p>\n<p>&nbsp;<\/p>\n<h2>\u00bfQu\u00e9 es el ciberacoso en Florida y por qu\u00e9 es importante?<\/h2>\n<p>&nbsp;<\/p>\n<p>El t\u00e9rmino &#8220;ciberacoso&#8221;, seg\u00fan la legislaci\u00f3n de Florida, significa &#8220;[c]omprender una conducta para comunicar, o hacer que se comuniquen, palabras, im\u00e1genes o lenguaje por o mediante el uso del correo electr\u00f3nico o la comunicaci\u00f3n electr\u00f3nica, dirigidos a una persona espec\u00edfica o [c<span class=\"Text Intro Justify\">]acceder, o intentar acceder, a las cuentas en l\u00ednea o a los sistemas electr\u00f3nicos dom\u00e9sticos conectados a Internet de otra persona sin su permiso <\/span>, causando una angustia emocional sustancial a esa persona y sin un prop\u00f3sito leg\u00edtimo&#8221;. <a href=\"http:\/\/www.leg.state.fl.us\/statutes\/index.cfm?App_mode=Display_Statute&amp;Search_String=&amp;URL=0700-0799\/0784\/Sections\/0784.048.html\" target=\"_blank\" rel=\"noopener noreferrer\">\u00a7 784.048(1)(d), Estatutos de Florida<\/a>.<\/p>\n<p>&nbsp;<\/p>\n<p>El ciberacoso es importante porque la legislaci\u00f3n de Florida proporciona a las personas el mismo nivel de protecci\u00f3n en Internet que fuera de Internet. Si alguien se dirige a ti en Internet envi\u00e1ndote mensajes de acoso a trav\u00e9s de redes sociales, correo electr\u00f3nico o mensajes de texto, puedes ser v\u00edctima de ciberacoso.<\/p>\n<p>&nbsp;<\/p>\n<h2>\u00bfQu\u00e9 significa &#8220;angustia emocional sustancial&#8221; en este contexto y c\u00f3mo puedo demostrarlo?<\/h2>\n<p>&nbsp;<\/p>\n<p>Por desgracia, los t\u00e9rminos &#8220;angustia emocional sustancial&#8221; no est\u00e1n definidos en la legislaci\u00f3n de Florida. Que padezcas una angustia emocional sustancial depender\u00e1 de la gravedad del acoso objetivamente, as\u00ed como de tu reacci\u00f3n ante \u00e9l.<\/p>\n<p>&nbsp;<\/p>\n<p><span style=\"font-weight: 400;\">La forma de demostrar que sufres &#8220;angustia emocional sustancial&#8221; depender\u00e1 de los hechos individuales de tu caso. Por ejemplo, demostrar que el acoso te provoca un aumento de la ansiedad, p\u00e9rdida de apetito, incapacidad para dormir, miedo, puede cumplir esta norma, dependiendo de la gravedad. Tambi\u00e9n puede ser relevante si puedes demostrar que ya no realizas determinadas actividades cotidianas. Por ejemplo, \u00bfte niegas a quedarte solo en casa, o a caminar solo hasta tu coche, llevas ahora un arma de fuego para protegerte? En \u00faltima instancia, esto puede demostrarse mediante tu testimonio en la vista final o a trav\u00e9s de otro testigo que tenga conocimientos y pueda declarar sobre el tema. <\/span>[\/vc_column_text][vc_empty_space height=&#8221;20px&#8221;]\n\n\t<div class=\"mkd-call-to-action with-icon\" >\n\n\t\t\t\t\t<div class=\"mkd-call-to-action-row-66-33 clearfix\" style=\"padding: 22px 3%;\">\n\t\t\n\t\t\t\t<div class=\"mkd-text-wrapper mkd-call-to-action-column1 mkd-call-to-action-cell\">\n\n\t\t\t\t\t\t\t\t\t<div class=\"mkd-call-to-action-icon-holder\">\n\t\t\t\t\t\t<div class=\"mkd-call-to-action-icon\">\n\t\t\t\t\t\t\t<div class=\"mkd-call-to-action-icon-inner\">\n\t\t\t\t\t\t\t\t<span aria-hidden=\"true\" class=\"mkd-icon-font-elegant icon_lifesaver \" style=\"\" ><\/span>\t\t\t\t\t\t\t<\/div>\n\t\t\t\t\t\t<\/div>\n\t\t\t\t\t<\/div>\n\t\t\t\t\n\t\t\t\t\t<div class=\"mkd-call-to-action-text\" >\n\t\t\t\t\t\t<p>If you are the victim of stalking get help now.<\/p>\n\t\t\t\t\t<\/div>\n\n\t\t\t\t<\/div>\n\n\t\t\t\t\n\t\t\t\t\t<div class=\"mkd-button-wrapper mkd-call-to-action-column2 mkd-call-to-action-cell\" style =\"text-align: right ;\">\n\n\t\t\t\t\t\t<a href=\"https:\/\/scottjkalishlaw.com\/contact-us\/\" target=\"_self\" style=\"background-color: #dd3333;border: 1px solid #000000\" class=\"mkd-btn mkd-btn-medium mkd-btn-solid mkd-btn-icon\">    <span class=\"mkd-btn-text\"  style=\"border-color: #000000\">Get Help<\/span><span class=\"mkd-btn-icon-holder\">            <span aria-hidden=\"true\" class=\"mkd-icon-font-elegant icon_lifesaver mkd-btn-icon-elem\" ><\/span>            <span aria-hidden=\"true\" class=\"mkd-icon-font-elegant icon_lifesaver mkd-btn-icon-elem\" ><\/span>        <\/span>    <\/a>\n\t\t\t\t\t<\/div>\n\n\t\t\t\t\n\t\t\t<\/div>\n\n\t\t\n\t<\/div>\n\n[\/vc_column][\/vc_row][vc_row triangle_shape=&#8221;no&#8221;][vc_column][vc_column_text]<\/p>\n<h2>Abogado de acoso y orden de alejamiento<\/h2>\n<p>[\/vc_column_text][vc_empty_space height=&#8221;20px&#8221;][vc_column_text]En el bufete de Scott J. Kalish tenemos la experiencia necesaria para ayudarte a conseguir una orden de alejamiento o un interdicto por acoso. Representamos a personas en todo el sur de Florida, espec\u00edficamente los condados de Broward, Palm Beach, Miami-Dade, Martin y St. Lucie.<\/p>\n<p>&nbsp;<\/p>\n<p>Con nuestra oficina principal convenientemente ubicada en Coral Springs y otras oficinas en todo el sur de Florida, nunca estamos lejos. Si tienes alguna duda sobre c\u00f3mo conseguir una orden de alejamiento o un interdicto por acoso, ponte en contacto con nosotros hoy mismo para que te ayudemos.[\/vc_column_text][vc_empty_space height=&#8221;35px&#8221;][\/vc_column][vc_column][\/vc_column][\/vc_row]<\/p>\n<\/div>","protected":false},"excerpt":{"rendered":"<p>[vc_row triangle_shape=&#8221;no&#8221; css=&#8221;.vc_custom_1564095443717{padding-bottom: 43px !important;}&#8221;][vc_column][vc_single_image image=&#8221;3512&#8243; img_size=&#8221;large&#8221;][vc_empty_space height=&#8221;20px&#8221;][vc_column_text] Medidas cautelares y \u00f3rdenes de alejamiento en Florida [\/vc_column_text][vc_empty_space height=&#8221;35px&#8221;][vc_column_text] \u00bfC\u00f3mo conseguir una orden judicial o de alejamiento PARA PROTEGERSE DEL ROBO en Florida? [\/vc_column_text][vc_empty_space height=&#8221;20px&#8221;][vc_column_text]En Florida, los mandamientos judiciales (\u00f3rdenes de alejamiento) de protecci\u00f3n contra el acecho est\u00e1n regulados por el art\u00edculo 784.0485 de los Estatutos de Florida. La ley dice que, [una] persona que sea v\u00edctima de acoso o el padre o tutor legal de un menor que viva en casa y que solicite una orden judicial de protecci\u00f3n contra el acoso en nombre del menor, est\u00e1 legitimada ante el&#8230;<\/p>\n","protected":false},"author":159950528,"featured_media":8594,"parent":8586,"menu_order":0,"comment_status":"closed","ping_status":"closed","template":"","meta":{"jetpack_post_was_ever_published":false,"footnotes":""},"class_list":["post-8592","page","type-page","status-publish","has-post-thumbnail","hentry"],"jetpack_shortlink":"https:\/\/wp.me\/Pb6xna-2eA","jetpack_sharing_enabled":true,"_links":{"self":[{"href":"https:\/\/scottjkalishlaw.com\/es\/wp-json\/wp\/v2\/pages\/8592","targetHints":{"allow":["GET"]}}],"collection":[{"href":"https:\/\/scottjkalishlaw.com\/es\/wp-json\/wp\/v2\/pages"}],"about":[{"href":"https:\/\/scottjkalishlaw.com\/es\/wp-json\/wp\/v2\/types\/page"}],"author":[{"embeddable":true,"href":"https:\/\/scottjkalishlaw.com\/es\/wp-json\/wp\/v2\/users\/159950528"}],"replies":[{"embeddable":true,"href":"https:\/\/scottjkalishlaw.com\/es\/wp-json\/wp\/v2\/comments?post=8592"}],"version-history":[{"count":4,"href":"https:\/\/scottjkalishlaw.com\/es\/wp-json\/wp\/v2\/pages\/8592\/revisions"}],"predecessor-version":[{"id":9531,"href":"https:\/\/scottjkalishlaw.com\/es\/wp-json\/wp\/v2\/pages\/8592\/revisions\/9531"}],"up":[{"embeddable":true,"href":"https:\/\/scottjkalishlaw.com\/es\/wp-json\/wp\/v2\/pages\/8586"}],"wp:featuredmedia":[{"embeddable":true,"href":"https:\/\/scottjkalishlaw.com\/es\/wp-json\/wp\/v2\/media\/8594"}],"wp:attachment":[{"href":"https:\/\/scottjkalishlaw.com\/es\/wp-json\/wp\/v2\/media?parent=8592"}],"curies":[{"name":"wp","href":"https:\/\/api.w.org\/{rel}","templated":true}]}}