{"id":8615,"date":"2025-01-26T19:21:57","date_gmt":"2025-01-26T19:21:57","guid":{"rendered":"https:\/\/scottjkalishlaw.com\/el-mejor-abogado-de-derecho-familiar-sirviendo-a-las-familias-en-los-condados-de-broward-palm-beach-y-miami-dade\/ordenes-de-restriccion-ordenes-judiciales\/medidas-cautelares-u-ordenes-de-alejamiento-por-violencia-en-la-pareja\/"},"modified":"2025-07-30T23:29:16","modified_gmt":"2025-07-30T23:29:16","slug":"medidas-cautelares-u-ordenes-de-alejamiento-por-violencia-en-la-pareja","status":"publish","type":"page","link":"https:\/\/scottjkalishlaw.com\/es\/el-mejor-abogado-de-derecho-familiar-sirviendo-a-las-familias-en-los-condados-de-broward-palm-beach-y-miami-dade\/ordenes-de-restriccion-ordenes-judiciales\/medidas-cautelares-u-ordenes-de-alejamiento-por-violencia-en-la-pareja\/","title":{"rendered":"Medidas cautelares u \u00f3rdenes de alejamiento por violencia en la pareja"},"content":{"rendered":"<div class=\"wpb-content-wrapper\"><p>[vc_row triangle_shape=&#8221;no&#8221; css=&#8221;.vc_custom_1447676897400{padding-bottom: 50px !important;}&#8221;][vc_column][vc_single_image image=&#8221;3582&#8243; img_size=&#8221;large&#8221;][\/vc_column][\/vc_row][vc_row triangle_shape=&#8221;no&#8221; css=&#8221;.vc_custom_1564095443717{padding-bottom: 43px !important;}&#8221;][vc_column][vc_column_text]<\/p>\n<h2>C\u00f3mo funcionan en Florida los interdictos y las \u00f3rdenes de alejamiento por violencia en el noviazgo<\/h2>\n<p>[\/vc_column_text][vc_empty_space height=&#8221;20px&#8221;][vc_column_text]<\/p>\n<h2>\u00bfC\u00f3mo conseguir una orden judicial o de alejamiento por violencia en el noviazgo?<\/h2>\n<p>[\/vc_column_text][vc_empty_space height=&#8221;20px&#8221;][vc_column_text]Las \u00f3rdenes de alejamiento (conocidas como mandamientos judiciales en Florida) para la protecci\u00f3n contra la violencia reiterada est\u00e1n reguladas por <a href=\"http:\/\/www.leg.state.fl.us\/statutes\/index.cfm?App_mode=Display_Statute&amp;Search_String=&amp;URL=0700-0799\/0784\/Sections\/0784.046.html\" target=\"_blank\" rel=\"noopener\">el art\u00edculo <span style=\"font-weight: 400;\">784.046 de los Estatutos de Florida.<\/span><\/a><\/p>\n<p>&nbsp;<\/p>\n<p><span style=\"font-weight: 400;\">Seg\u00fan<a href=\"http:\/\/www.leg.state.fl.us\/statutes\/index.cfm?App_mode=Display_Statute&amp;Search_String=&amp;URL=0700-0799\/0784\/Sections\/0784.046.html\" target=\"_blank\" rel=\"noopener\"> el art\u00edculo 784.046 de los Estatutos de Florida<\/a>, puedes tener derecho a una orden judicial o de alejamiento si eres v\u00edctima de &#8220;violencia en el noviazgo&#8221;. La ley de Florida define la &#8220;violencia en las citas&#8221; como &#8220;violencia entre individuos que tienen o han tenido una relaci\u00f3n continuada y significativa de naturaleza rom\u00e1ntica o \u00edntima&#8221;. <a href=\"http:\/\/www.leg.state.fl.us\/statutes\/index.cfm?App_mode=Display_Statute&amp;Search_String=&amp;URL=0700-0799\/0784\/Sections\/0784.046.html\" target=\"_blank\" rel=\"noopener\">\u00a7 784.046(d), Estatutos de Florida.<\/a> <\/span><\/p>\n<p>&nbsp;<\/p>\n<p>El juez tendr\u00e1 en cuenta lo siguiente al determinar si tu relaci\u00f3n con la otra persona te da derecho a una orden de alejamiento o de alejamiento.<\/p>\n<p>&nbsp;<\/p>\n<div class=\"SubParagraph\"><span class=\"Number\">1.<\/span><span class=\"Text Intro Justify\">Debe haber existido una relaci\u00f3n de noviazgo en los \u00faltimos 6 meses;<\/span><\/div>\n<div class=\"SubParagraph\"><span class=\"Number\">2.<\/span><span class=\"Text Intro Justify\">La naturaleza de la relaci\u00f3n debe haberse caracterizado por la expectativa de afecto o implicaci\u00f3n sexual entre las partes; y<\/span><\/div>\n<div class=\"SubParagraph\"><span class=\"Number\">3.<\/span><span class=\"Text Intro Justify\">La frecuencia y el tipo de interacci\u00f3n entre las personas implicadas en la relaci\u00f3n deben haber incluido que las personas han estado implicadas a lo largo del tiempo y de forma continuada durante el transcurso de la relaci\u00f3n.<\/span><\/div>\n<p>&nbsp;<\/p>\n<p class=\"Reversion Justify\">Adem\u00e1s, la ley de Florida dice que la &#8220;violencia en el noviazgo&#8221; &#8220;no incluye la violencia en una relaci\u00f3n de amistad casual ni la violencia entre individuos que s\u00f3lo han mantenido una fraternizaci\u00f3n ordinaria en un contexto comercial o social&#8221;. <span style=\"font-weight: 400;\"><a href=\"http:\/\/www.leg.state.fl.us\/statutes\/index.cfm?App_mode=Display_Statute&amp;Search_String=&amp;URL=0700-0799\/0784\/Sections\/0784.046.html\" target=\"_blank\" rel=\"noopener\">\u00a7 784.046(d), Estatutos de Florida.<\/a><\/span> Poder demostrar la relaci\u00f3n necesaria es clave para conseguir una orden judicial o de alejamiento por violencia en el noviazgo.<\/p>\n<p>&nbsp;<\/p>\n<p>Seg\u00fan la ley de Florida, la &#8220;violencia&#8221; se define como &#8220;cualquier agresi\u00f3n, agresi\u00f3n con agravantes, agresi\u00f3n con lesiones, agresi\u00f3n con agravantes, agresi\u00f3n sexual, agresi\u00f3n sexual, acecho, acecho con agravantes, secuestro o detenci\u00f3n ilegal, o cualquier delito que provoque lesiones f\u00edsicas o la muerte, cometido por una persona contra otra&#8221;. \u00a7 784.046(a), Estatutos de Florida.[\/vc_column_text][vc_empty_space height=&#8221;20px&#8221;]\n\n\t<div class=\"mkd-call-to-action with-icon\" >\n\n\t\t\t\t\t<div class=\"mkd-call-to-action-row-66-33 clearfix\" style=\"padding: 22px 3%;\">\n\t\t\n\t\t\t\t<div class=\"mkd-text-wrapper mkd-call-to-action-column1 mkd-call-to-action-cell\">\n\n\t\t\t\t\t\t\t\t\t<div class=\"mkd-call-to-action-icon-holder\">\n\t\t\t\t\t\t<div class=\"mkd-call-to-action-icon\">\n\t\t\t\t\t\t\t<div class=\"mkd-call-to-action-icon-inner\">\n\t\t\t\t\t\t\t\t<span aria-hidden=\"true\" class=\"mkd-icon-font-elegant icon_lifesaver \" style=\"\" ><\/span>\t\t\t\t\t\t\t<\/div>\n\t\t\t\t\t\t<\/div>\n\t\t\t\t\t<\/div>\n\t\t\t\t\n\t\t\t\t\t<div class=\"mkd-call-to-action-text\" >\n\t\t\t\t\t\t<p>If you are a victim of dating violence get help now.<\/p>\n\t\t\t\t\t<\/div>\n\n\t\t\t\t<\/div>\n\n\t\t\t\t\n\t\t\t\t\t<div class=\"mkd-button-wrapper mkd-call-to-action-column2 mkd-call-to-action-cell\" style =\"text-align: right ;\">\n\n\t\t\t\t\t\t<a href=\"https:\/\/scottjkalishlaw.com\/contact-us\/\" target=\"_self\" style=\"background-color: #dd3333\" class=\"mkd-btn mkd-btn-medium mkd-btn-solid mkd-btn-icon\">    <span class=\"mkd-btn-text\"  >Get Help<\/span><span class=\"mkd-btn-icon-holder\">            <span aria-hidden=\"true\" class=\"mkd-icon-font-elegant icon_lifesaver mkd-btn-icon-elem\" ><\/span>            <span aria-hidden=\"true\" class=\"mkd-icon-font-elegant icon_lifesaver mkd-btn-icon-elem\" ><\/span>        <\/span>    <\/a>\n\t\t\t\t\t<\/div>\n\n\t\t\t\t\n\t\t\t<\/div>\n\n\t\t\n\t<\/div>\n\n[vc_empty_space height=&#8221;35px&#8221;][vc_column_text]<\/p>\n<h2>Abogado de orden de alejamiento o interdicto por violencia en la pareja<\/h2>\n<p>[\/vc_column_text][vc_empty_space height=&#8221;20px&#8221;][vc_column_text]<span style=\"font-weight: 400;\">En el bufete de Scott J. Kalish tenemos la experiencia necesaria para ayudarte a conseguir una orden de alejamiento o una orden judicial de protecci\u00f3n contra la violencia reiterada. Representamos a personas en todo el sur de Florida, espec\u00edficamente los condados de Broward, Palm Beach, Miami-Dade, Martin y St. Lucie.<\/span><\/p>\n<p>&nbsp;<\/p>\n<p><span style=\"font-weight: 400;\">Con nuestra oficina principal convenientemente ubicada en Coral Springs y otras oficinas en todo el sur de Florida, nunca estamos lejos. Si tienes alguna pregunta sobre c\u00f3mo conseguir una orden de alejamiento o una orden judicial de protecci\u00f3n contra la violencia reiterada, ponte en contacto con nosotros hoy mismo para que te ayudemos.<\/span>[\/vc_column_text][vc_empty_space height=&#8221;20px&#8221;]\n\n\t<div class=\"mkd-call-to-action with-icon\" >\n\n\t\t\t\t\t<div class=\"mkd-call-to-action-row-66-33 clearfix\" style=\"padding: 22px 3%;\">\n\t\t\n\t\t\t\t<div class=\"mkd-text-wrapper mkd-call-to-action-column1 mkd-call-to-action-cell\">\n\n\t\t\t\t\t\t\t\t\t<div class=\"mkd-call-to-action-icon-holder\">\n\t\t\t\t\t\t<div class=\"mkd-call-to-action-icon\">\n\t\t\t\t\t\t\t<div class=\"mkd-call-to-action-icon-inner\">\n\t\t\t\t\t\t\t\t<span aria-hidden=\"true\" class=\"mkd-icon-font-elegant icon_lifesaver \" style=\"\" ><\/span>\t\t\t\t\t\t\t<\/div>\n\t\t\t\t\t\t<\/div>\n\t\t\t\t\t<\/div>\n\t\t\t\t\n\t\t\t\t\t<div class=\"mkd-call-to-action-text\" >\n\t\t\t\t\t\t<p>If you are a victim of dating violence get help now.<\/p>\n\t\t\t\t\t<\/div>\n\n\t\t\t\t<\/div>\n\n\t\t\t\t\n\t\t\t\t\t<div class=\"mkd-button-wrapper mkd-call-to-action-column2 mkd-call-to-action-cell\" style =\"text-align: right ;\">\n\n\t\t\t\t\t\t<a href=\"https:\/\/scottjkalishlaw.com\/contact-us\/\" target=\"_self\" style=\"background-color: #dd3333\" class=\"mkd-btn mkd-btn-medium mkd-btn-solid mkd-btn-icon\">    <span class=\"mkd-btn-text\"  >Get Help<\/span><span class=\"mkd-btn-icon-holder\">            <span aria-hidden=\"true\" class=\"mkd-icon-font-elegant icon_lifesaver mkd-btn-icon-elem\" ><\/span>            <span aria-hidden=\"true\" class=\"mkd-icon-font-elegant icon_lifesaver mkd-btn-icon-elem\" ><\/span>        <\/span>    <\/a>\n\t\t\t\t\t<\/div>\n\n\t\t\t\t\n\t\t\t<\/div>\n\n\t\t\n\t<\/div>\n\n[\/vc_column][\/vc_row]<\/p>\n<\/div>","protected":false},"excerpt":{"rendered":"<p>[vc_row triangle_shape=&#8221;no&#8221; css=&#8221;.vc_custom_1447676897400{padding-bottom: 50px !important;}&#8221;][vc_column][vc_single_image image=&#8221;3582&#8243; img_size=&#8221;large&#8221;][\/vc_column][\/vc_row][vc_row triangle_shape=&#8221;no&#8221; css=&#8221;.vc_custom_1564095443717{padding-bottom: 43px !important;}&#8221;][vc_column][vc_column_text] C\u00f3mo funcionan en Florida los interdictos y las \u00f3rdenes de alejamiento por violencia en el noviazgo [\/vc_column_text][vc_empty_space height=&#8221;20px&#8221;][vc_column_text] \u00bfC\u00f3mo conseguir una orden judicial o de alejamiento por violencia en el noviazgo? [\/vc_column_text][vc_empty_space height=&#8221;20px&#8221;][vc_column_text]Las \u00f3rdenes de alejamiento (conocidas como mandamientos judiciales en Florida) para la protecci\u00f3n contra la violencia reiterada est\u00e1n reguladas por el art\u00edculo 784.046 de los Estatutos de Florida. &nbsp; Seg\u00fan el art\u00edculo 784.046 de los Estatutos de Florida, puedes tener derecho a una orden judicial o de alejamiento si eres v\u00edctima de &#8220;violencia en el noviazgo&#8221;. La&#8230;<\/p>\n","protected":false},"author":159950528,"featured_media":0,"parent":8586,"menu_order":0,"comment_status":"closed","ping_status":"closed","template":"","meta":{"jetpack_post_was_ever_published":false,"footnotes":""},"class_list":["post-8615","page","type-page","status-publish","hentry"],"jetpack_shortlink":"https:\/\/wp.me\/Pb6xna-2eX","jetpack_sharing_enabled":true,"_links":{"self":[{"href":"https:\/\/scottjkalishlaw.com\/es\/wp-json\/wp\/v2\/pages\/8615","targetHints":{"allow":["GET"]}}],"collection":[{"href":"https:\/\/scottjkalishlaw.com\/es\/wp-json\/wp\/v2\/pages"}],"about":[{"href":"https:\/\/scottjkalishlaw.com\/es\/wp-json\/wp\/v2\/types\/page"}],"author":[{"embeddable":true,"href":"https:\/\/scottjkalishlaw.com\/es\/wp-json\/wp\/v2\/users\/159950528"}],"replies":[{"embeddable":true,"href":"https:\/\/scottjkalishlaw.com\/es\/wp-json\/wp\/v2\/comments?post=8615"}],"version-history":[{"count":4,"href":"https:\/\/scottjkalishlaw.com\/es\/wp-json\/wp\/v2\/pages\/8615\/revisions"}],"predecessor-version":[{"id":9522,"href":"https:\/\/scottjkalishlaw.com\/es\/wp-json\/wp\/v2\/pages\/8615\/revisions\/9522"}],"up":[{"embeddable":true,"href":"https:\/\/scottjkalishlaw.com\/es\/wp-json\/wp\/v2\/pages\/8586"}],"wp:attachment":[{"href":"https:\/\/scottjkalishlaw.com\/es\/wp-json\/wp\/v2\/media?parent=8615"}],"curies":[{"name":"wp","href":"https:\/\/api.w.org\/{rel}","templated":true}]}}